{"id":1002,"date":"2021-09-24T19:14:03","date_gmt":"2021-09-24T16:14:03","guid":{"rendered":"http:\/\/syrox.com.tr\/einwilligungstext-zur-kommunikation\/"},"modified":"2021-09-24T19:14:03","modified_gmt":"2021-09-24T16:14:03","slug":"einwilligungstext-zur-kommunikation","status":"publish","type":"page","link":"https:\/\/syrox.com.tr\/de\/einwilligungstext-zur-kommunikation\/","title":{"rendered":"Einwilligungstext zur Kommunikation"},"content":{"rendered":"\n<p>Indem Sie die Kommunikationserlaubnis von \u00d6zkanlar Elektronik \u0130leti\u015fim \u0130n\u015faat ve G\u0131da Ticaret Limited \u015eirketi akzeptieren, zum Zwecke der elektronischen Kommunikation und des Sendens anderer Kommunikationsnachrichten an Sie, Ihre personenbezogenen Daten, deren Weitergabe Sie an uns zugestimmt haben; Sie stimmen der Erhebung, Speicherung, Verarbeitung, Nutzung, Weitergabe zu.<\/p>\n\n<p>Diese personenbezogenen Daten von Ihnen f\u00fcr die gleichen Zwecke; Alle unsere Tochtergesellschaften und Tochtergesellschaften werden mit Drittpartnern in der T\u00fcrkei und\/oder im Ausland geteilt, mit denen wir vertragliche Beziehungen haben.  Dar\u00fcber hinaus sind diese Informationen im Hinblick auf Datenschutz und Sicherheit rechtlich und technisch gleichbedeutend mit uns, mit denen wir in einem Vertragsverh\u00e4ltnis stehen, um die Ihnen gegen\u00fcber zu erbringenden Leistungen zu erbringen, Ihre m\u00f6glichen Sendungen gesund zuzustellen , um Ihre Benachrichtigungen rechtzeitig per Telefon, SMS, E-Mail und anderen elektronischen Kommunikationsmitteln zuzustellen. Sie werden nur im Bedarfsfall und insoweit an Dritte weitergegeben, die Verantwortung tragen und die Bestimmungen der einschl\u00e4gigen Rechtsvorschriften einhalten. notwendig.  Durch die Annahme der Kommunikationserlaubnis wird diese aufgrund der Rechtsbeziehung zwischen uns und dem Betreiber der elektronischen Kommunikation weitergegeben, die von dem Betreiber der elektronischen Kommunikation mit Ihrer ausdr\u00fccklichen Zustimmung verarbeitet wird.<\/p>\n\n<p>Sie stimmen der Verarbeitung aller Arten von elektronischer Kommunikation und dem Versand anderer Kommunikationsnachrichten zu. Wenn Sie Ihre Kommunikationserlaubnis widerrufen m\u00f6chten, k\u00f6nnen Sie diese Anfrage jederzeit an \u00d6zkanlar Elektronik \u0130leti\u015fim \u0130n\u015faat ve G\u0131da Ticaret Limited \u015eirketi auf dem von Ihnen erteilten Weg (SMS, E-Mail, Website und andere Methoden) weiterleiten.<\/p>\n\n<p>Sie stimmen der Nutzung und Speicherung Ihrer personenbezogenen Daten durch \u00d6zkanlar Elektronik \u0130leti\u015fim \u0130n\u015faat ve G\u0131da Ticaret Limited \u015eirketi ausdr\u00fccklich zu.<\/p>\n","protected":false},"excerpt":{"rendered":"<p>Indem Sie die Kommunikationserlaubnis von \u00d6zkanlar Elektronik \u0130leti\u015fim \u0130n\u015faat ve G\u0131da Ticaret Limited \u015eirketi akzeptieren, zum Zwecke der elektronischen Kommunikation und des Sendens anderer Kommunikationsnachrichten an<span class=\"excerpt-hellip\"> [\u2026]<\/span><\/p>\n","protected":false},"author":1,"featured_media":0,"parent":0,"menu_order":0,"comment_status":"closed","ping_status":"closed","template":"","meta":[],"yoast_head":"<!-- This site is optimized with the Yoast SEO plugin v19.13 - https:\/\/yoast.com\/wordpress\/plugins\/seo\/ -->\n<title>Einwilligungstext zur Kommunikation | Syrox<\/title>\n<meta name=\"robots\" content=\"index, follow, max-snippet:-1, max-image-preview:large, max-video-preview:-1\" \/>\n<link rel=\"canonical\" href=\"https:\/\/syrox.com.tr\/de\/einwilligungstext-zur-kommunikation\/\" \/>\n<meta property=\"og:locale\" content=\"de_DE\" \/>\n<meta property=\"og:type\" content=\"article\" \/>\n<meta property=\"og:title\" content=\"Einwilligungstext zur Kommunikation | Syrox\" \/>\n<meta property=\"og:description\" content=\"Indem Sie die Kommunikationserlaubnis von \u00d6zkanlar Elektronik \u0130leti\u015fim \u0130n\u015faat ve G\u0131da Ticaret Limited \u015eirketi akzeptieren, zum Zwecke der elektronischen Kommunikation und des Sendens anderer Kommunikationsnachrichten an [\u2026]\" \/>\n<meta property=\"og:url\" content=\"https:\/\/syrox.com.tr\/de\/einwilligungstext-zur-kommunikation\/\" \/>\n<meta property=\"og:site_name\" content=\"Syrox\" \/>\n<meta property=\"article:publisher\" content=\"https:\/\/www.facebook.com\/syroxtechnologies\" \/>\n<meta name=\"twitter:card\" content=\"summary_large_image\" \/>\n<meta name=\"twitter:site\" content=\"@SyroxTechnology\" \/>\n<meta name=\"twitter:label1\" content=\"Gesch\u00e4tzte Lesezeit\" \/>\n\t<meta name=\"twitter:data1\" content=\"1\u00a0Minute\" \/>\n<script type=\"application\/ld+json\" class=\"yoast-schema-graph\">{\"@context\":\"https:\/\/schema.org\",\"@graph\":[{\"@type\":\"WebPage\",\"@id\":\"https:\/\/syrox.com.tr\/de\/einwilligungstext-zur-kommunikation\/\",\"url\":\"https:\/\/syrox.com.tr\/de\/einwilligungstext-zur-kommunikation\/\",\"name\":\"Einwilligungstext zur Kommunikation | Syrox\",\"isPartOf\":{\"@id\":\"https:\/\/syrox.com.tr\/de\/#website\"},\"datePublished\":\"2021-09-24T16:14:03+00:00\",\"dateModified\":\"2021-09-24T16:14:03+00:00\",\"breadcrumb\":{\"@id\":\"https:\/\/syrox.com.tr\/de\/einwilligungstext-zur-kommunikation\/#breadcrumb\"},\"inLanguage\":\"de\",\"potentialAction\":[{\"@type\":\"ReadAction\",\"target\":[\"https:\/\/syrox.com.tr\/de\/einwilligungstext-zur-kommunikation\/\"]}]},{\"@type\":\"BreadcrumbList\",\"@id\":\"https:\/\/syrox.com.tr\/de\/einwilligungstext-zur-kommunikation\/#breadcrumb\",\"itemListElement\":[{\"@type\":\"ListItem\",\"position\":1,\"name\":\"Startseite\",\"item\":\"https:\/\/syrox.com.tr\/de\/\"},{\"@type\":\"ListItem\",\"position\":2,\"name\":\"Einwilligungstext zur Kommunikation\"}]},{\"@type\":\"WebSite\",\"@id\":\"https:\/\/syrox.com.tr\/de\/#website\",\"url\":\"https:\/\/syrox.com.tr\/de\/\",\"name\":\"SYROX\",\"description\":\"T\u00fcrkiye&#039;nin Telefon, Tablet, Bilgisayar Aksesuar Markas\u0131\",\"publisher\":{\"@id\":\"https:\/\/syrox.com.tr\/de\/#organization\"},\"potentialAction\":[{\"@type\":\"SearchAction\",\"target\":{\"@type\":\"EntryPoint\",\"urlTemplate\":\"https:\/\/syrox.com.tr\/de\/?s={search_term_string}\"},\"query-input\":\"required name=search_term_string\"}],\"inLanguage\":\"de\"},{\"@type\":\"Organization\",\"@id\":\"https:\/\/syrox.com.tr\/de\/#organization\",\"name\":\"SYROX\",\"url\":\"https:\/\/syrox.com.tr\/de\/\",\"logo\":{\"@type\":\"ImageObject\",\"inLanguage\":\"de\",\"@id\":\"https:\/\/syrox.com.tr\/de\/#\/schema\/logo\/image\/\",\"url\":\"https:\/\/syrox.com.tr\/wp-content\/uploads\/2021\/09\/cropped-SYROX-LOGO-01-e1631080788407.png\",\"contentUrl\":\"https:\/\/syrox.com.tr\/wp-content\/uploads\/2021\/09\/cropped-SYROX-LOGO-01-e1631080788407.png\",\"width\":140,\"height\":23,\"caption\":\"SYROX\"},\"image\":{\"@id\":\"https:\/\/syrox.com.tr\/de\/#\/schema\/logo\/image\/\"},\"sameAs\":[\"https:\/\/www.instagram.com\/syroxtechnologies\/\",\"https:\/\/www.youtube.com\/channel\/UCKUlb29HH5DfuT3ZYKWC6Aw\",\"https:\/\/www.facebook.com\/syroxtechnologies\",\"https:\/\/twitter.com\/SyroxTechnology\"]}]}<\/script>\n<!-- \/ Yoast SEO plugin. -->","yoast_head_json":{"title":"Einwilligungstext zur Kommunikation | Syrox","robots":{"index":"index","follow":"follow","max-snippet":"max-snippet:-1","max-image-preview":"max-image-preview:large","max-video-preview":"max-video-preview:-1"},"canonical":"https:\/\/syrox.com.tr\/de\/einwilligungstext-zur-kommunikation\/","og_locale":"de_DE","og_type":"article","og_title":"Einwilligungstext zur Kommunikation | Syrox","og_description":"Indem Sie die Kommunikationserlaubnis von \u00d6zkanlar Elektronik \u0130leti\u015fim \u0130n\u015faat ve G\u0131da Ticaret Limited \u015eirketi akzeptieren, zum Zwecke der elektronischen Kommunikation und des Sendens anderer Kommunikationsnachrichten an [\u2026]","og_url":"https:\/\/syrox.com.tr\/de\/einwilligungstext-zur-kommunikation\/","og_site_name":"Syrox","article_publisher":"https:\/\/www.facebook.com\/syroxtechnologies","twitter_card":"summary_large_image","twitter_site":"@SyroxTechnology","twitter_misc":{"Gesch\u00e4tzte Lesezeit":"1\u00a0Minute"},"schema":{"@context":"https:\/\/schema.org","@graph":[{"@type":"WebPage","@id":"https:\/\/syrox.com.tr\/de\/einwilligungstext-zur-kommunikation\/","url":"https:\/\/syrox.com.tr\/de\/einwilligungstext-zur-kommunikation\/","name":"Einwilligungstext zur Kommunikation | Syrox","isPartOf":{"@id":"https:\/\/syrox.com.tr\/de\/#website"},"datePublished":"2021-09-24T16:14:03+00:00","dateModified":"2021-09-24T16:14:03+00:00","breadcrumb":{"@id":"https:\/\/syrox.com.tr\/de\/einwilligungstext-zur-kommunikation\/#breadcrumb"},"inLanguage":"de","potentialAction":[{"@type":"ReadAction","target":["https:\/\/syrox.com.tr\/de\/einwilligungstext-zur-kommunikation\/"]}]},{"@type":"BreadcrumbList","@id":"https:\/\/syrox.com.tr\/de\/einwilligungstext-zur-kommunikation\/#breadcrumb","itemListElement":[{"@type":"ListItem","position":1,"name":"Startseite","item":"https:\/\/syrox.com.tr\/de\/"},{"@type":"ListItem","position":2,"name":"Einwilligungstext zur Kommunikation"}]},{"@type":"WebSite","@id":"https:\/\/syrox.com.tr\/de\/#website","url":"https:\/\/syrox.com.tr\/de\/","name":"SYROX","description":"T\u00fcrkiye&#039;nin Telefon, Tablet, Bilgisayar Aksesuar Markas\u0131","publisher":{"@id":"https:\/\/syrox.com.tr\/de\/#organization"},"potentialAction":[{"@type":"SearchAction","target":{"@type":"EntryPoint","urlTemplate":"https:\/\/syrox.com.tr\/de\/?s={search_term_string}"},"query-input":"required name=search_term_string"}],"inLanguage":"de"},{"@type":"Organization","@id":"https:\/\/syrox.com.tr\/de\/#organization","name":"SYROX","url":"https:\/\/syrox.com.tr\/de\/","logo":{"@type":"ImageObject","inLanguage":"de","@id":"https:\/\/syrox.com.tr\/de\/#\/schema\/logo\/image\/","url":"https:\/\/syrox.com.tr\/wp-content\/uploads\/2021\/09\/cropped-SYROX-LOGO-01-e1631080788407.png","contentUrl":"https:\/\/syrox.com.tr\/wp-content\/uploads\/2021\/09\/cropped-SYROX-LOGO-01-e1631080788407.png","width":140,"height":23,"caption":"SYROX"},"image":{"@id":"https:\/\/syrox.com.tr\/de\/#\/schema\/logo\/image\/"},"sameAs":["https:\/\/www.instagram.com\/syroxtechnologies\/","https:\/\/www.youtube.com\/channel\/UCKUlb29HH5DfuT3ZYKWC6Aw","https:\/\/www.facebook.com\/syroxtechnologies","https:\/\/twitter.com\/SyroxTechnology"]}]}},"_links":{"self":[{"href":"https:\/\/syrox.com.tr\/de\/wp-json\/wp\/v2\/pages\/1002"}],"collection":[{"href":"https:\/\/syrox.com.tr\/de\/wp-json\/wp\/v2\/pages"}],"about":[{"href":"https:\/\/syrox.com.tr\/de\/wp-json\/wp\/v2\/types\/page"}],"author":[{"embeddable":true,"href":"https:\/\/syrox.com.tr\/de\/wp-json\/wp\/v2\/users\/1"}],"replies":[{"embeddable":true,"href":"https:\/\/syrox.com.tr\/de\/wp-json\/wp\/v2\/comments?post=1002"}],"version-history":[{"count":1,"href":"https:\/\/syrox.com.tr\/de\/wp-json\/wp\/v2\/pages\/1002\/revisions"}],"predecessor-version":[{"id":1003,"href":"https:\/\/syrox.com.tr\/de\/wp-json\/wp\/v2\/pages\/1002\/revisions\/1003"}],"wp:attachment":[{"href":"https:\/\/syrox.com.tr\/de\/wp-json\/wp\/v2\/media?parent=1002"}],"curies":[{"name":"wp","href":"https:\/\/api.w.org\/{rel}","templated":true}]}}