{"id":1004,"date":"2021-09-24T19:14:48","date_gmt":"2021-09-24T16:14:48","guid":{"rendered":"http:\/\/syrox.com.tr\/richtlinie-zum-schutz-und-zur-verarbeitung-personenbezogener-daten\/"},"modified":"2021-09-24T19:14:49","modified_gmt":"2021-09-24T16:14:49","slug":"richtlinie-zum-schutz-und-zur-verarbeitung-personenbezogener-daten","status":"publish","type":"page","link":"https:\/\/syrox.com.tr\/de\/richtlinie-zum-schutz-und-zur-verarbeitung-personenbezogener-daten\/","title":{"rendered":"Richtlinie zum Schutz und zur Verarbeitung personenbezogener Daten"},"content":{"rendered":"\n<h4>Zweck der Richtlinie zum Schutz personenbezogener Daten und zur Verarbeitung:<\/h4>\n\n<p>Zweck der Richtlinie zum Schutz personenbezogener Daten und zur Verarbeitung des Inhalts von \u00d6zkanlar Elektronik \u0130leti\u015fim \u0130n\u015faat ve G\u0131da Ticaret Limited \u015eirketi im Rahmen des Gesetzes zum Schutz personenbezogener Daten Nr. 6698 in m\u00fcndlichen, schriftlichen oder elektronischen Medien, \u00fcber das Callcenter, die Website, mobile Anwendungen, soziale Medien und \u00e4hnliche Kan\u00e4le, In Bezug auf die Verarbeitung und \u00dcbermittlung personenbezogener Daten, die der Nutzer an das Unternehmen teilt oder die das Unternehmen w\u00e4hrend seiner Nutzung durch den Nutzer, Besucher und andere Personen erzeugt, wird unser Unternehmen das Verfahren zur Verarbeitung durchf\u00fchren, \u00dcbertragung, Schutz und ggf. Vernichtung der personenbezogenen Daten im Rahmen des Gesetzes zum Schutz personenbezogener Daten Nr. informiert \u00fcber unsere Unternehmenspolitik hinsichtlich der Grunds\u00e4tze.<\/p>\n\n<hr class=\"wp-block-separator\"\/>\n\n<h4>Erhebung und Verarbeitung personenbezogener Daten:<\/h4>\n\n<p>Sie wird angewendet, wenn sie m\u00fcndlich, schriftlich oder elektronisch \u00fcber das Callcenter, die Website, mobile Anwendungen, soziale Medien und \u00e4hnliche Kan\u00e4le vollst\u00e4ndig oder teilweise automatisch oder nicht automatisch bereitgestellt wird, sofern sie Teil einer Datenaufzeichnung ist System. Ihre personenbezogenen Daten k\u00f6nnen verarbeitet werden, einschlie\u00dflich, aber nicht beschr\u00e4nkt auf die folgenden.<\/p>\n\n<ul><li>Ihre personenbezogenen Daten, anhand derer wir Sie identifizieren k\u00f6nnen, wie Ihr Name, Nachname, Telefonnummer, TR-ID-Nummer, E-Mail-Adresse, Kundennummer, Vertragsnummer, Bewerbungen und Ihre zugewiesene Benutzerkennung.<\/li><li>Ihr Geburtsort und -datum, Familienstand, Geschlecht und andere Identifikationsinformationen.<\/li><li>Ihre grundlegenden Kundeninformationen, wie Ihre Rechnung, Finanz- und Schuldeninformationen, Serviceart und Servicegeschwindigkeiten der von Ihnen erhaltenen Produkte und Dienstleistungen.<\/li><li>Ihre personenbezogenen Daten, die Sie erhalten, wenn Sie uns per E-Mail, Brief oder auf rechtlichem Weg kontaktieren, wobei Ihre Sprachaufzeichnungen gem\u00e4\u00df den Standards f\u00fcr Callcenter aufbewahrt werden.<\/li><li>Ihre Kredit- und Debitkarteninformationen, Filialcode, Kontonummer und gesetzliche Bankverbindung.<\/li><li>Ihre Verhaltensinformationen auf Websites und mobilen Anwendungen, Ihre aus Ihren elektronischen Verkehrsdaten generierten Nutzungsdaten, die von Ihnen bereitgestellten Inhalte und pers\u00f6nlichen Informationen sowie Ihre Pr\u00e4ferenzen in Bezug auf die Nutzung bestimmter Produkte und Dienstleistungen.<\/li><li>Wenn Sie sich auf eine Stelle bewerben, Ihre personenbezogenen Daten, einschlie\u00dflich des diesbez\u00fcglich bereitgestellten Lebenslaufs, sowie alle Arten von personenbezogenen Daten im Zusammenhang mit Ihrem Dienstvertrag und Ihrer Arbeitsneigung, wenn Sie Arbeitnehmer oder verbundener Arbeitnehmer sind.<\/li><\/ul>\n\n<p>Dar\u00fcber hinaus, wenn Sie zugeh\u00f6rige Newsletter, Benachrichtigungen und andere Dienste abonnieren, uns eine Frage stellen oder eine Beschwerde zu einem Produkt oder einer Dienstleistung melden, an Umfragen teilnehmen, andere Produkte oder Dienstleistungen nutzen oder andere Gruppen-Websites besuchen; oder Ihre personenbezogenen Daten k\u00f6nnen auch verarbeitet werden, wenn Sie diese Seiten besuchen.<\/p>\n\n<hr class=\"wp-block-separator\"\/>\n\n<h4>Zweck der Verarbeitung personenbezogener Daten:<\/h4>\n\n<ul><li>Um Sie \u00fcber den Vorgang zu informieren, wenn Sie unsere Produkte und Dienstleistungen nutzen.<\/li><li>Um Sie \u00fcber neue Produkte und Dienstleistungen auf dem Laufenden zu halten und Ihnen entsprechende Dienstleistungen anzubieten.<\/li><li>Analyse zur Verbesserung unserer Produkte und Dienstleistungen<\/li><li>Schulung und Entwicklung unserer Mitarbeiter<\/li><li>Abrechnung f\u00fcr Ihre Nutzung unserer Produkte und Dienstleistungen<\/li><li>Best\u00e4tigung Ihrer Identit\u00e4t<\/li><li>Bereitstellung der erforderlichen Informationen an Beh\u00f6rden und Regulierungs- und Aufsichtsbeh\u00f6rden im Rahmen ihrer Anfragen und Kontrollen<\/li><li>Sicherstellung der Konsistenz Ihrer Informationen.<\/li><li>Messung und Bewertung der Kundenzufriedenheit.<\/li><li>Verwaltung des Kundenservices<\/li><\/ul>\n\n<p>einschlie\u00dflich, aber nicht beschr\u00e4nkt auf die Bereitstellung von Dienstleistungen, Analyse von Produkten und Dienstleistungen, Marketingaktivit\u00e4ten und Kommunikation wie Kampagnen-, Produkt-, Strategiebestimmung und -messung, Kundenservice und -zufriedenheit, Finanzberichterstattung und -analyse, rechtliche Nachverfolgung und \u00e4hnliche Zwecke.<\/p>\n\n<hr class=\"wp-block-separator\"\/>\n\n<h4>Weitergabe personenbezogener Daten:<\/h4>\n\n<p>In F\u00e4llen, in denen KVKK und andere Gesetze dies erfordern; Bei Vorliegen der Voraussetzungen gem\u00e4\u00df \u00a7 5 Abs. 2 und \u00a7 6 Abs. 3 KVKK k\u00f6nnen die Daten in der gesetzlich vorgeschriebenen Weise und im Rahmen der Grenzen, ohne deren ausdr\u00fcckliche Zustimmung.    <\/p>\n\n<p>Auch wenn die \u00dcbermittlung personenbezogener Daten f\u00fcr ein Produkt, eine Dienstleistung oder die Nutzung und den Schutz erforderlich ist.<\/p>\n\n<p>Sie k\u00f6nnen an unsere Gesch\u00e4ftspartner und andere Dritte weitergegeben werden, mit denen wir zusammenarbeiten, um unsere Dienstleistungen und Aktivit\u00e4ten zu entwickeln und durchzuf\u00fchren.<\/p>\n","protected":false},"excerpt":{"rendered":"<p>Zweck der Richtlinie zum Schutz personenbezogener Daten und zur Verarbeitung: Zweck der Richtlinie zum Schutz personenbezogener Daten und zur Verarbeitung des Inhalts von \u00d6zkanlar Elektronik \u0130leti\u015fim<span class=\"excerpt-hellip\"> [\u2026]<\/span><\/p>\n","protected":false},"author":1,"featured_media":0,"parent":0,"menu_order":0,"comment_status":"closed","ping_status":"closed","template":"","meta":[],"yoast_head":"<!-- This site is optimized with the Yoast SEO plugin v19.13 - https:\/\/yoast.com\/wordpress\/plugins\/seo\/ -->\n<title>Richtlinie zum Schutz und zur Verarbeitung personenbezogener Daten | Syrox<\/title>\n<meta name=\"robots\" content=\"index, follow, max-snippet:-1, max-image-preview:large, max-video-preview:-1\" \/>\n<link rel=\"canonical\" href=\"https:\/\/syrox.com.tr\/de\/richtlinie-zum-schutz-und-zur-verarbeitung-personenbezogener-daten\/\" \/>\n<meta property=\"og:locale\" content=\"de_DE\" \/>\n<meta property=\"og:type\" content=\"article\" \/>\n<meta property=\"og:title\" content=\"Richtlinie zum Schutz und zur Verarbeitung personenbezogener Daten | Syrox\" \/>\n<meta property=\"og:description\" content=\"Zweck der Richtlinie zum Schutz personenbezogener Daten und zur Verarbeitung: Zweck der Richtlinie zum Schutz personenbezogener Daten und zur Verarbeitung des Inhalts von \u00d6zkanlar Elektronik \u0130leti\u015fim [\u2026]\" \/>\n<meta property=\"og:url\" content=\"https:\/\/syrox.com.tr\/de\/richtlinie-zum-schutz-und-zur-verarbeitung-personenbezogener-daten\/\" \/>\n<meta property=\"og:site_name\" content=\"Syrox\" \/>\n<meta property=\"article:publisher\" content=\"https:\/\/www.facebook.com\/syroxtechnologies\" \/>\n<meta property=\"article:modified_time\" content=\"2021-09-24T16:14:49+00:00\" \/>\n<meta name=\"twitter:card\" content=\"summary_large_image\" \/>\n<meta name=\"twitter:site\" content=\"@SyroxTechnology\" \/>\n<meta name=\"twitter:label1\" content=\"Gesch\u00e4tzte Lesezeit\" \/>\n\t<meta name=\"twitter:data1\" content=\"3\u00a0Minuten\" \/>\n<script type=\"application\/ld+json\" class=\"yoast-schema-graph\">{\"@context\":\"https:\/\/schema.org\",\"@graph\":[{\"@type\":\"WebPage\",\"@id\":\"https:\/\/syrox.com.tr\/de\/richtlinie-zum-schutz-und-zur-verarbeitung-personenbezogener-daten\/\",\"url\":\"https:\/\/syrox.com.tr\/de\/richtlinie-zum-schutz-und-zur-verarbeitung-personenbezogener-daten\/\",\"name\":\"Richtlinie zum Schutz und zur Verarbeitung personenbezogener Daten | Syrox\",\"isPartOf\":{\"@id\":\"https:\/\/syrox.com.tr\/de\/#website\"},\"datePublished\":\"2021-09-24T16:14:48+00:00\",\"dateModified\":\"2021-09-24T16:14:49+00:00\",\"breadcrumb\":{\"@id\":\"https:\/\/syrox.com.tr\/de\/richtlinie-zum-schutz-und-zur-verarbeitung-personenbezogener-daten\/#breadcrumb\"},\"inLanguage\":\"de\",\"potentialAction\":[{\"@type\":\"ReadAction\",\"target\":[\"https:\/\/syrox.com.tr\/de\/richtlinie-zum-schutz-und-zur-verarbeitung-personenbezogener-daten\/\"]}]},{\"@type\":\"BreadcrumbList\",\"@id\":\"https:\/\/syrox.com.tr\/de\/richtlinie-zum-schutz-und-zur-verarbeitung-personenbezogener-daten\/#breadcrumb\",\"itemListElement\":[{\"@type\":\"ListItem\",\"position\":1,\"name\":\"Startseite\",\"item\":\"https:\/\/syrox.com.tr\/de\/\"},{\"@type\":\"ListItem\",\"position\":2,\"name\":\"Richtlinie zum Schutz und zur Verarbeitung personenbezogener Daten\"}]},{\"@type\":\"WebSite\",\"@id\":\"https:\/\/syrox.com.tr\/de\/#website\",\"url\":\"https:\/\/syrox.com.tr\/de\/\",\"name\":\"SYROX\",\"description\":\"T\u00fcrkiye&#039;nin Telefon, Tablet, Bilgisayar Aksesuar Markas\u0131\",\"publisher\":{\"@id\":\"https:\/\/syrox.com.tr\/de\/#organization\"},\"potentialAction\":[{\"@type\":\"SearchAction\",\"target\":{\"@type\":\"EntryPoint\",\"urlTemplate\":\"https:\/\/syrox.com.tr\/de\/?s={search_term_string}\"},\"query-input\":\"required name=search_term_string\"}],\"inLanguage\":\"de\"},{\"@type\":\"Organization\",\"@id\":\"https:\/\/syrox.com.tr\/de\/#organization\",\"name\":\"SYROX\",\"url\":\"https:\/\/syrox.com.tr\/de\/\",\"logo\":{\"@type\":\"ImageObject\",\"inLanguage\":\"de\",\"@id\":\"https:\/\/syrox.com.tr\/de\/#\/schema\/logo\/image\/\",\"url\":\"https:\/\/syrox.com.tr\/wp-content\/uploads\/2021\/09\/cropped-SYROX-LOGO-01-e1631080788407.png\",\"contentUrl\":\"https:\/\/syrox.com.tr\/wp-content\/uploads\/2021\/09\/cropped-SYROX-LOGO-01-e1631080788407.png\",\"width\":140,\"height\":23,\"caption\":\"SYROX\"},\"image\":{\"@id\":\"https:\/\/syrox.com.tr\/de\/#\/schema\/logo\/image\/\"},\"sameAs\":[\"https:\/\/www.instagram.com\/syroxtechnologies\/\",\"https:\/\/www.youtube.com\/channel\/UCKUlb29HH5DfuT3ZYKWC6Aw\",\"https:\/\/www.facebook.com\/syroxtechnologies\",\"https:\/\/twitter.com\/SyroxTechnology\"]}]}<\/script>\n<!-- \/ Yoast SEO plugin. -->","yoast_head_json":{"title":"Richtlinie zum Schutz und zur Verarbeitung personenbezogener Daten | Syrox","robots":{"index":"index","follow":"follow","max-snippet":"max-snippet:-1","max-image-preview":"max-image-preview:large","max-video-preview":"max-video-preview:-1"},"canonical":"https:\/\/syrox.com.tr\/de\/richtlinie-zum-schutz-und-zur-verarbeitung-personenbezogener-daten\/","og_locale":"de_DE","og_type":"article","og_title":"Richtlinie zum Schutz und zur Verarbeitung personenbezogener Daten | Syrox","og_description":"Zweck der Richtlinie zum Schutz personenbezogener Daten und zur Verarbeitung: Zweck der Richtlinie zum Schutz personenbezogener Daten und zur Verarbeitung des Inhalts von \u00d6zkanlar Elektronik \u0130leti\u015fim [\u2026]","og_url":"https:\/\/syrox.com.tr\/de\/richtlinie-zum-schutz-und-zur-verarbeitung-personenbezogener-daten\/","og_site_name":"Syrox","article_publisher":"https:\/\/www.facebook.com\/syroxtechnologies","article_modified_time":"2021-09-24T16:14:49+00:00","twitter_card":"summary_large_image","twitter_site":"@SyroxTechnology","twitter_misc":{"Gesch\u00e4tzte Lesezeit":"3\u00a0Minuten"},"schema":{"@context":"https:\/\/schema.org","@graph":[{"@type":"WebPage","@id":"https:\/\/syrox.com.tr\/de\/richtlinie-zum-schutz-und-zur-verarbeitung-personenbezogener-daten\/","url":"https:\/\/syrox.com.tr\/de\/richtlinie-zum-schutz-und-zur-verarbeitung-personenbezogener-daten\/","name":"Richtlinie zum Schutz und zur Verarbeitung personenbezogener Daten | Syrox","isPartOf":{"@id":"https:\/\/syrox.com.tr\/de\/#website"},"datePublished":"2021-09-24T16:14:48+00:00","dateModified":"2021-09-24T16:14:49+00:00","breadcrumb":{"@id":"https:\/\/syrox.com.tr\/de\/richtlinie-zum-schutz-und-zur-verarbeitung-personenbezogener-daten\/#breadcrumb"},"inLanguage":"de","potentialAction":[{"@type":"ReadAction","target":["https:\/\/syrox.com.tr\/de\/richtlinie-zum-schutz-und-zur-verarbeitung-personenbezogener-daten\/"]}]},{"@type":"BreadcrumbList","@id":"https:\/\/syrox.com.tr\/de\/richtlinie-zum-schutz-und-zur-verarbeitung-personenbezogener-daten\/#breadcrumb","itemListElement":[{"@type":"ListItem","position":1,"name":"Startseite","item":"https:\/\/syrox.com.tr\/de\/"},{"@type":"ListItem","position":2,"name":"Richtlinie zum Schutz und zur Verarbeitung personenbezogener Daten"}]},{"@type":"WebSite","@id":"https:\/\/syrox.com.tr\/de\/#website","url":"https:\/\/syrox.com.tr\/de\/","name":"SYROX","description":"T\u00fcrkiye&#039;nin Telefon, Tablet, Bilgisayar Aksesuar Markas\u0131","publisher":{"@id":"https:\/\/syrox.com.tr\/de\/#organization"},"potentialAction":[{"@type":"SearchAction","target":{"@type":"EntryPoint","urlTemplate":"https:\/\/syrox.com.tr\/de\/?s={search_term_string}"},"query-input":"required name=search_term_string"}],"inLanguage":"de"},{"@type":"Organization","@id":"https:\/\/syrox.com.tr\/de\/#organization","name":"SYROX","url":"https:\/\/syrox.com.tr\/de\/","logo":{"@type":"ImageObject","inLanguage":"de","@id":"https:\/\/syrox.com.tr\/de\/#\/schema\/logo\/image\/","url":"https:\/\/syrox.com.tr\/wp-content\/uploads\/2021\/09\/cropped-SYROX-LOGO-01-e1631080788407.png","contentUrl":"https:\/\/syrox.com.tr\/wp-content\/uploads\/2021\/09\/cropped-SYROX-LOGO-01-e1631080788407.png","width":140,"height":23,"caption":"SYROX"},"image":{"@id":"https:\/\/syrox.com.tr\/de\/#\/schema\/logo\/image\/"},"sameAs":["https:\/\/www.instagram.com\/syroxtechnologies\/","https:\/\/www.youtube.com\/channel\/UCKUlb29HH5DfuT3ZYKWC6Aw","https:\/\/www.facebook.com\/syroxtechnologies","https:\/\/twitter.com\/SyroxTechnology"]}]}},"_links":{"self":[{"href":"https:\/\/syrox.com.tr\/de\/wp-json\/wp\/v2\/pages\/1004"}],"collection":[{"href":"https:\/\/syrox.com.tr\/de\/wp-json\/wp\/v2\/pages"}],"about":[{"href":"https:\/\/syrox.com.tr\/de\/wp-json\/wp\/v2\/types\/page"}],"author":[{"embeddable":true,"href":"https:\/\/syrox.com.tr\/de\/wp-json\/wp\/v2\/users\/1"}],"replies":[{"embeddable":true,"href":"https:\/\/syrox.com.tr\/de\/wp-json\/wp\/v2\/comments?post=1004"}],"version-history":[{"count":1,"href":"https:\/\/syrox.com.tr\/de\/wp-json\/wp\/v2\/pages\/1004\/revisions"}],"predecessor-version":[{"id":1005,"href":"https:\/\/syrox.com.tr\/de\/wp-json\/wp\/v2\/pages\/1004\/revisions\/1005"}],"wp:attachment":[{"href":"https:\/\/syrox.com.tr\/de\/wp-json\/wp\/v2\/media?parent=1004"}],"curies":[{"name":"wp","href":"https:\/\/api.w.org\/{rel}","templated":true}]}}