{"id":6320,"date":"2022-08-18T16:38:59","date_gmt":"2022-08-18T13:38:59","guid":{"rendered":"https:\/\/syrox.com.tr\/institutionell\/"},"modified":"2022-08-25T14:04:39","modified_gmt":"2022-08-25T11:04:39","slug":"institutionell","status":"publish","type":"page","link":"https:\/\/syrox.com.tr\/de\/institutionell\/","title":{"rendered":"Institutionell"},"content":{"rendered":"\n<p><\/p>\n\n\n\n<p><\/p>\n","protected":false},"excerpt":{"rendered":"","protected":false},"author":1,"featured_media":0,"parent":0,"menu_order":0,"comment_status":"closed","ping_status":"closed","template":"","meta":[],"yoast_head":"<!-- This site is optimized with the Yoast SEO plugin v19.13 - https:\/\/yoast.com\/wordpress\/plugins\/seo\/ -->\n<title>Institutionell | Syrox<\/title>\n<meta name=\"description\" content=\"Als Syrox glauben wir, dass wir unsere Vision, Mission und Werte f\u00fcr unsere Kunden und Gesch\u00e4ftspartner bestm\u00f6glich widerspiegeln sollten.\" \/>\n<meta name=\"robots\" content=\"index, follow, max-snippet:-1, max-image-preview:large, max-video-preview:-1\" \/>\n<link rel=\"canonical\" href=\"https:\/\/syrox.com.tr\/de\/institutionell\/\" \/>\n<meta property=\"og:locale\" content=\"de_DE\" \/>\n<meta property=\"og:type\" content=\"article\" \/>\n<meta property=\"og:title\" content=\"Institutionell | Syrox\" \/>\n<meta property=\"og:description\" content=\"Als Syrox glauben wir, dass wir unsere Vision, Mission und Werte f\u00fcr unsere Kunden und Gesch\u00e4ftspartner bestm\u00f6glich widerspiegeln sollten.\" \/>\n<meta property=\"og:url\" content=\"https:\/\/syrox.com.tr\/de\/institutionell\/\" \/>\n<meta property=\"og:site_name\" content=\"Syrox\" \/>\n<meta property=\"article:publisher\" content=\"https:\/\/www.facebook.com\/syroxtechnologies\" \/>\n<meta property=\"article:modified_time\" content=\"2022-08-25T11:04:39+00:00\" \/>\n<meta name=\"twitter:card\" content=\"summary_large_image\" \/>\n<meta name=\"twitter:site\" content=\"@SyroxTechnology\" \/>\n<script type=\"application\/ld+json\" class=\"yoast-schema-graph\">{\"@context\":\"https:\/\/schema.org\",\"@graph\":[{\"@type\":\"WebPage\",\"@id\":\"https:\/\/syrox.com.tr\/de\/institutionell\/\",\"url\":\"https:\/\/syrox.com.tr\/de\/institutionell\/\",\"name\":\"Institutionell | Syrox\",\"isPartOf\":{\"@id\":\"https:\/\/syrox.com.tr\/de\/#website\"},\"datePublished\":\"2022-08-18T13:38:59+00:00\",\"dateModified\":\"2022-08-25T11:04:39+00:00\",\"description\":\"Als Syrox glauben wir, dass wir unsere Vision, Mission und Werte f\u00fcr unsere Kunden und Gesch\u00e4ftspartner bestm\u00f6glich widerspiegeln sollten.\",\"breadcrumb\":{\"@id\":\"https:\/\/syrox.com.tr\/de\/institutionell\/#breadcrumb\"},\"inLanguage\":\"de\",\"potentialAction\":[{\"@type\":\"ReadAction\",\"target\":[\"https:\/\/syrox.com.tr\/de\/institutionell\/\"]}]},{\"@type\":\"BreadcrumbList\",\"@id\":\"https:\/\/syrox.com.tr\/de\/institutionell\/#breadcrumb\",\"itemListElement\":[{\"@type\":\"ListItem\",\"position\":1,\"name\":\"Startseite\",\"item\":\"https:\/\/syrox.com.tr\/de\/\"},{\"@type\":\"ListItem\",\"position\":2,\"name\":\"Institutionell\"}]},{\"@type\":\"WebSite\",\"@id\":\"https:\/\/syrox.com.tr\/de\/#website\",\"url\":\"https:\/\/syrox.com.tr\/de\/\",\"name\":\"SYROX\",\"description\":\"T\u00fcrkiye&#039;nin Telefon, Tablet, Bilgisayar Aksesuar Markas\u0131\",\"publisher\":{\"@id\":\"https:\/\/syrox.com.tr\/de\/#organization\"},\"potentialAction\":[{\"@type\":\"SearchAction\",\"target\":{\"@type\":\"EntryPoint\",\"urlTemplate\":\"https:\/\/syrox.com.tr\/de\/?s={search_term_string}\"},\"query-input\":\"required name=search_term_string\"}],\"inLanguage\":\"de\"},{\"@type\":\"Organization\",\"@id\":\"https:\/\/syrox.com.tr\/de\/#organization\",\"name\":\"SYROX\",\"url\":\"https:\/\/syrox.com.tr\/de\/\",\"logo\":{\"@type\":\"ImageObject\",\"inLanguage\":\"de\",\"@id\":\"https:\/\/syrox.com.tr\/de\/#\/schema\/logo\/image\/\",\"url\":\"https:\/\/syrox.com.tr\/wp-content\/uploads\/2021\/09\/cropped-SYROX-LOGO-01-e1631080788407.png\",\"contentUrl\":\"https:\/\/syrox.com.tr\/wp-content\/uploads\/2021\/09\/cropped-SYROX-LOGO-01-e1631080788407.png\",\"width\":140,\"height\":23,\"caption\":\"SYROX\"},\"image\":{\"@id\":\"https:\/\/syrox.com.tr\/de\/#\/schema\/logo\/image\/\"},\"sameAs\":[\"https:\/\/www.instagram.com\/syroxtechnologies\/\",\"https:\/\/www.youtube.com\/channel\/UCKUlb29HH5DfuT3ZYKWC6Aw\",\"https:\/\/www.facebook.com\/syroxtechnologies\",\"https:\/\/twitter.com\/SyroxTechnology\"]}]}<\/script>\n<!-- \/ Yoast SEO plugin. -->","yoast_head_json":{"title":"Institutionell | Syrox","description":"Als Syrox glauben wir, dass wir unsere Vision, Mission und Werte f\u00fcr unsere Kunden und Gesch\u00e4ftspartner bestm\u00f6glich widerspiegeln sollten.","robots":{"index":"index","follow":"follow","max-snippet":"max-snippet:-1","max-image-preview":"max-image-preview:large","max-video-preview":"max-video-preview:-1"},"canonical":"https:\/\/syrox.com.tr\/de\/institutionell\/","og_locale":"de_DE","og_type":"article","og_title":"Institutionell | Syrox","og_description":"Als Syrox glauben wir, dass wir unsere Vision, Mission und Werte f\u00fcr unsere Kunden und Gesch\u00e4ftspartner bestm\u00f6glich widerspiegeln sollten.","og_url":"https:\/\/syrox.com.tr\/de\/institutionell\/","og_site_name":"Syrox","article_publisher":"https:\/\/www.facebook.com\/syroxtechnologies","article_modified_time":"2022-08-25T11:04:39+00:00","twitter_card":"summary_large_image","twitter_site":"@SyroxTechnology","schema":{"@context":"https:\/\/schema.org","@graph":[{"@type":"WebPage","@id":"https:\/\/syrox.com.tr\/de\/institutionell\/","url":"https:\/\/syrox.com.tr\/de\/institutionell\/","name":"Institutionell | Syrox","isPartOf":{"@id":"https:\/\/syrox.com.tr\/de\/#website"},"datePublished":"2022-08-18T13:38:59+00:00","dateModified":"2022-08-25T11:04:39+00:00","description":"Als Syrox glauben wir, dass wir unsere Vision, Mission und Werte f\u00fcr unsere Kunden und Gesch\u00e4ftspartner bestm\u00f6glich widerspiegeln sollten.","breadcrumb":{"@id":"https:\/\/syrox.com.tr\/de\/institutionell\/#breadcrumb"},"inLanguage":"de","potentialAction":[{"@type":"ReadAction","target":["https:\/\/syrox.com.tr\/de\/institutionell\/"]}]},{"@type":"BreadcrumbList","@id":"https:\/\/syrox.com.tr\/de\/institutionell\/#breadcrumb","itemListElement":[{"@type":"ListItem","position":1,"name":"Startseite","item":"https:\/\/syrox.com.tr\/de\/"},{"@type":"ListItem","position":2,"name":"Institutionell"}]},{"@type":"WebSite","@id":"https:\/\/syrox.com.tr\/de\/#website","url":"https:\/\/syrox.com.tr\/de\/","name":"SYROX","description":"T\u00fcrkiye&#039;nin Telefon, Tablet, Bilgisayar Aksesuar Markas\u0131","publisher":{"@id":"https:\/\/syrox.com.tr\/de\/#organization"},"potentialAction":[{"@type":"SearchAction","target":{"@type":"EntryPoint","urlTemplate":"https:\/\/syrox.com.tr\/de\/?s={search_term_string}"},"query-input":"required name=search_term_string"}],"inLanguage":"de"},{"@type":"Organization","@id":"https:\/\/syrox.com.tr\/de\/#organization","name":"SYROX","url":"https:\/\/syrox.com.tr\/de\/","logo":{"@type":"ImageObject","inLanguage":"de","@id":"https:\/\/syrox.com.tr\/de\/#\/schema\/logo\/image\/","url":"https:\/\/syrox.com.tr\/wp-content\/uploads\/2021\/09\/cropped-SYROX-LOGO-01-e1631080788407.png","contentUrl":"https:\/\/syrox.com.tr\/wp-content\/uploads\/2021\/09\/cropped-SYROX-LOGO-01-e1631080788407.png","width":140,"height":23,"caption":"SYROX"},"image":{"@id":"https:\/\/syrox.com.tr\/de\/#\/schema\/logo\/image\/"},"sameAs":["https:\/\/www.instagram.com\/syroxtechnologies\/","https:\/\/www.youtube.com\/channel\/UCKUlb29HH5DfuT3ZYKWC6Aw","https:\/\/www.facebook.com\/syroxtechnologies","https:\/\/twitter.com\/SyroxTechnology"]}]}},"_links":{"self":[{"href":"https:\/\/syrox.com.tr\/de\/wp-json\/wp\/v2\/pages\/6320"}],"collection":[{"href":"https:\/\/syrox.com.tr\/de\/wp-json\/wp\/v2\/pages"}],"about":[{"href":"https:\/\/syrox.com.tr\/de\/wp-json\/wp\/v2\/types\/page"}],"author":[{"embeddable":true,"href":"https:\/\/syrox.com.tr\/de\/wp-json\/wp\/v2\/users\/1"}],"replies":[{"embeddable":true,"href":"https:\/\/syrox.com.tr\/de\/wp-json\/wp\/v2\/comments?post=6320"}],"version-history":[{"count":5,"href":"https:\/\/syrox.com.tr\/de\/wp-json\/wp\/v2\/pages\/6320\/revisions"}],"predecessor-version":[{"id":6327,"href":"https:\/\/syrox.com.tr\/de\/wp-json\/wp\/v2\/pages\/6320\/revisions\/6327"}],"wp:attachment":[{"href":"https:\/\/syrox.com.tr\/de\/wp-json\/wp\/v2\/media?parent=6320"}],"curies":[{"name":"wp","href":"https:\/\/api.w.org\/{rel}","templated":true}]}}