{"id":10575,"date":"2023-11-17T11:27:46","date_gmt":"2023-11-17T08:27:46","guid":{"rendered":"https:\/\/syrox.com.tr\/urunler\/unkategorisiert\/c136al-2-4a-lightning-sarj-data-kablosu\/"},"modified":"2024-01-04T10:03:12","modified_gmt":"2024-01-04T07:03:12","slug":"c136al-2-4a-lightning-sarj-data-kablosu","status":"publish","type":"product","link":"https:\/\/syrox.com.tr\/de\/produkte\/kabel\/lightning-de\/c136al-2-4a-lightning-sarj-data-kablosu\/","title":{"rendered":"C136AL 2.4A Lightning-Lade- und Datenkabel"},"content":{"rendered":"<h4><strong>\u00dcBER DAS PRODUKT<\/strong><\/h4>\n<h4>Der K\u00f6rperteil des Produkts verf\u00fcgt \u00fcber RGB, das sequentiell aufleuchtet. Dieses Licht ist f\u00fcr den Einsatz bei Nacht geeignet. Der Ladeteil des Produkts ist mit einem Kunststoffschutz versehen. Dadurch wird Ihr Ger\u00e4t vor Kratzern gesch\u00fctzt. Die geflochtene Kabelstruktur verleiht dem Produkt ein ultra-robustes, stilvolles und \u00e4sthetisches Aussehen. Die Schnellladetechnologie l\u00e4dt alle Ihre intelligenten Ger\u00e4te sicher auf, indem sie den richtigen Strom und die richtige Leistung liefert und eine reibungslose und schnelle Daten\u00fcbertragung erm\u00f6glicht.<\/h4>\n<h5>Technische Daten<\/h5>\n<h5>* Schnelles Aufladen und Daten\u00fcbertragung<br \/>\n* 2,4A (Fast Charging) Ladetechnologie<br \/>\n* Geeignet zum Laden von Ger\u00e4ten mit Lightning-Anschluss<br \/>\n* Kabell\u00e4nge 121 cm<br \/>\n* Schnelle und einfache \u00dcbertragung von Musik, Bildern und Dokumenten<\/h5>\n","protected":false},"excerpt":{"rendered":"<p>\u00dcBER DAS PRODUKT Der K\u00f6rperteil des Produkts verf\u00fcgt \u00fcber RGB, das sequentiell aufleuchtet. Dieses Licht ist f\u00fcr den Einsatz bei Nacht geeignet. Der Ladeteil des Produkts<span class=\"excerpt-hellip\"> [\u2026]<\/span><\/p>\n","protected":false},"featured_media":10451,"template":"","meta":[],"product_cat":[106,107],"product_tag":[],"yoast_head":"<!-- This site is optimized with the Yoast SEO plugin v19.13 - https:\/\/yoast.com\/wordpress\/plugins\/seo\/ -->\n<title>C136AL 2.4A Lightning-Lade- und Datenkabel | Syrox<\/title>\n<meta name=\"robots\" content=\"index, follow, max-snippet:-1, max-image-preview:large, max-video-preview:-1\" \/>\n<link rel=\"canonical\" href=\"https:\/\/syrox.com.tr\/de\/produkte\/kabel\/lightning-de\/c136al-2-4a-lightning-sarj-data-kablosu\/\" \/>\n<meta property=\"og:locale\" content=\"de_DE\" \/>\n<meta property=\"og:type\" content=\"article\" \/>\n<meta property=\"og:title\" content=\"C136AL 2.4A Lightning-Lade- und Datenkabel | Syrox\" \/>\n<meta property=\"og:description\" content=\"\u00dcBER DAS PRODUKT Der K\u00f6rperteil des Produkts verf\u00fcgt \u00fcber RGB, das sequentiell aufleuchtet. Dieses Licht ist f\u00fcr den Einsatz bei Nacht geeignet. Der Ladeteil des Produkts [\u2026]\" \/>\n<meta property=\"og:url\" content=\"https:\/\/syrox.com.tr\/de\/produkte\/kabel\/lightning-de\/c136al-2-4a-lightning-sarj-data-kablosu\/\" \/>\n<meta property=\"og:site_name\" content=\"Syrox\" \/>\n<meta property=\"article:publisher\" content=\"https:\/\/www.facebook.com\/syroxtechnologies\" \/>\n<meta property=\"article:modified_time\" content=\"2024-01-04T07:03:12+00:00\" \/>\n<meta property=\"og:image\" content=\"https:\/\/syrox.com.tr\/wp-content\/uploads\/2023\/11\/136AL-K.jpg\" \/>\n\t<meta property=\"og:image:width\" content=\"1040\" \/>\n\t<meta property=\"og:image:height\" content=\"733\" \/>\n\t<meta property=\"og:image:type\" content=\"image\/jpeg\" \/>\n<meta name=\"twitter:card\" content=\"summary_large_image\" \/>\n<meta name=\"twitter:site\" content=\"@SyroxTechnology\" \/>\n<meta name=\"twitter:label1\" content=\"Gesch\u00e4tzte Lesezeit\" \/>\n\t<meta name=\"twitter:data1\" content=\"1\u00a0Minute\" \/>\n<script type=\"application\/ld+json\" class=\"yoast-schema-graph\">{\"@context\":\"https:\/\/schema.org\",\"@graph\":[{\"@type\":\"WebPage\",\"@id\":\"https:\/\/syrox.com.tr\/de\/produkte\/kabel\/lightning-de\/c136al-2-4a-lightning-sarj-data-kablosu\/\",\"url\":\"https:\/\/syrox.com.tr\/de\/produkte\/kabel\/lightning-de\/c136al-2-4a-lightning-sarj-data-kablosu\/\",\"name\":\"C136AL 2.4A Lightning-Lade- und Datenkabel | Syrox\",\"isPartOf\":{\"@id\":\"https:\/\/syrox.com.tr\/de\/#website\"},\"datePublished\":\"2023-11-17T08:27:46+00:00\",\"dateModified\":\"2024-01-04T07:03:12+00:00\",\"breadcrumb\":{\"@id\":\"https:\/\/syrox.com.tr\/de\/produkte\/kabel\/lightning-de\/c136al-2-4a-lightning-sarj-data-kablosu\/#breadcrumb\"},\"inLanguage\":\"de\",\"potentialAction\":[{\"@type\":\"ReadAction\",\"target\":[\"https:\/\/syrox.com.tr\/de\/produkte\/kabel\/lightning-de\/c136al-2-4a-lightning-sarj-data-kablosu\/\"]}]},{\"@type\":\"BreadcrumbList\",\"@id\":\"https:\/\/syrox.com.tr\/de\/produkte\/kabel\/lightning-de\/c136al-2-4a-lightning-sarj-data-kablosu\/#breadcrumb\",\"itemListElement\":[{\"@type\":\"ListItem\",\"position\":1,\"name\":\"Startseite\",\"item\":\"https:\/\/syrox.com.tr\/de\/\"},{\"@type\":\"ListItem\",\"position\":2,\"name\":\"Unsere Produkte\",\"item\":\"https:\/\/syrox.com.tr\/de\/unsere-produkte\/\"},{\"@type\":\"ListItem\",\"position\":3,\"name\":\"C136AL 2.4A Lightning-Lade- und Datenkabel\"}]},{\"@type\":\"WebSite\",\"@id\":\"https:\/\/syrox.com.tr\/de\/#website\",\"url\":\"https:\/\/syrox.com.tr\/de\/\",\"name\":\"SYROX\",\"description\":\"T\u00fcrkiye&#039;nin Telefon, Tablet, Bilgisayar Aksesuar Markas\u0131\",\"publisher\":{\"@id\":\"https:\/\/syrox.com.tr\/de\/#organization\"},\"potentialAction\":[{\"@type\":\"SearchAction\",\"target\":{\"@type\":\"EntryPoint\",\"urlTemplate\":\"https:\/\/syrox.com.tr\/de\/?s={search_term_string}\"},\"query-input\":\"required name=search_term_string\"}],\"inLanguage\":\"de\"},{\"@type\":\"Organization\",\"@id\":\"https:\/\/syrox.com.tr\/de\/#organization\",\"name\":\"SYROX\",\"url\":\"https:\/\/syrox.com.tr\/de\/\",\"logo\":{\"@type\":\"ImageObject\",\"inLanguage\":\"de\",\"@id\":\"https:\/\/syrox.com.tr\/de\/#\/schema\/logo\/image\/\",\"url\":\"https:\/\/syrox.com.tr\/wp-content\/uploads\/2021\/09\/cropped-SYROX-LOGO-01-e1631080788407.png\",\"contentUrl\":\"https:\/\/syrox.com.tr\/wp-content\/uploads\/2021\/09\/cropped-SYROX-LOGO-01-e1631080788407.png\",\"width\":140,\"height\":23,\"caption\":\"SYROX\"},\"image\":{\"@id\":\"https:\/\/syrox.com.tr\/de\/#\/schema\/logo\/image\/\"},\"sameAs\":[\"https:\/\/www.instagram.com\/syroxtechnologies\/\",\"https:\/\/www.youtube.com\/channel\/UCKUlb29HH5DfuT3ZYKWC6Aw\",\"https:\/\/www.facebook.com\/syroxtechnologies\",\"https:\/\/twitter.com\/SyroxTechnology\"]}]}<\/script>\n<!-- \/ Yoast SEO plugin. -->","yoast_head_json":{"title":"C136AL 2.4A Lightning-Lade- und Datenkabel | Syrox","robots":{"index":"index","follow":"follow","max-snippet":"max-snippet:-1","max-image-preview":"max-image-preview:large","max-video-preview":"max-video-preview:-1"},"canonical":"https:\/\/syrox.com.tr\/de\/produkte\/kabel\/lightning-de\/c136al-2-4a-lightning-sarj-data-kablosu\/","og_locale":"de_DE","og_type":"article","og_title":"C136AL 2.4A Lightning-Lade- und Datenkabel | Syrox","og_description":"\u00dcBER DAS PRODUKT Der K\u00f6rperteil des Produkts verf\u00fcgt \u00fcber RGB, das sequentiell aufleuchtet. Dieses Licht ist f\u00fcr den Einsatz bei Nacht geeignet. Der Ladeteil des Produkts [\u2026]","og_url":"https:\/\/syrox.com.tr\/de\/produkte\/kabel\/lightning-de\/c136al-2-4a-lightning-sarj-data-kablosu\/","og_site_name":"Syrox","article_publisher":"https:\/\/www.facebook.com\/syroxtechnologies","article_modified_time":"2024-01-04T07:03:12+00:00","og_image":[{"width":1040,"height":733,"url":"https:\/\/syrox.com.tr\/wp-content\/uploads\/2023\/11\/136AL-K.jpg","type":"image\/jpeg"}],"twitter_card":"summary_large_image","twitter_site":"@SyroxTechnology","twitter_misc":{"Gesch\u00e4tzte Lesezeit":"1\u00a0Minute"},"schema":{"@context":"https:\/\/schema.org","@graph":[{"@type":"WebPage","@id":"https:\/\/syrox.com.tr\/de\/produkte\/kabel\/lightning-de\/c136al-2-4a-lightning-sarj-data-kablosu\/","url":"https:\/\/syrox.com.tr\/de\/produkte\/kabel\/lightning-de\/c136al-2-4a-lightning-sarj-data-kablosu\/","name":"C136AL 2.4A Lightning-Lade- und Datenkabel | Syrox","isPartOf":{"@id":"https:\/\/syrox.com.tr\/de\/#website"},"datePublished":"2023-11-17T08:27:46+00:00","dateModified":"2024-01-04T07:03:12+00:00","breadcrumb":{"@id":"https:\/\/syrox.com.tr\/de\/produkte\/kabel\/lightning-de\/c136al-2-4a-lightning-sarj-data-kablosu\/#breadcrumb"},"inLanguage":"de","potentialAction":[{"@type":"ReadAction","target":["https:\/\/syrox.com.tr\/de\/produkte\/kabel\/lightning-de\/c136al-2-4a-lightning-sarj-data-kablosu\/"]}]},{"@type":"BreadcrumbList","@id":"https:\/\/syrox.com.tr\/de\/produkte\/kabel\/lightning-de\/c136al-2-4a-lightning-sarj-data-kablosu\/#breadcrumb","itemListElement":[{"@type":"ListItem","position":1,"name":"Startseite","item":"https:\/\/syrox.com.tr\/de\/"},{"@type":"ListItem","position":2,"name":"Unsere Produkte","item":"https:\/\/syrox.com.tr\/de\/unsere-produkte\/"},{"@type":"ListItem","position":3,"name":"C136AL 2.4A Lightning-Lade- und Datenkabel"}]},{"@type":"WebSite","@id":"https:\/\/syrox.com.tr\/de\/#website","url":"https:\/\/syrox.com.tr\/de\/","name":"SYROX","description":"T\u00fcrkiye&#039;nin Telefon, Tablet, Bilgisayar Aksesuar Markas\u0131","publisher":{"@id":"https:\/\/syrox.com.tr\/de\/#organization"},"potentialAction":[{"@type":"SearchAction","target":{"@type":"EntryPoint","urlTemplate":"https:\/\/syrox.com.tr\/de\/?s={search_term_string}"},"query-input":"required name=search_term_string"}],"inLanguage":"de"},{"@type":"Organization","@id":"https:\/\/syrox.com.tr\/de\/#organization","name":"SYROX","url":"https:\/\/syrox.com.tr\/de\/","logo":{"@type":"ImageObject","inLanguage":"de","@id":"https:\/\/syrox.com.tr\/de\/#\/schema\/logo\/image\/","url":"https:\/\/syrox.com.tr\/wp-content\/uploads\/2021\/09\/cropped-SYROX-LOGO-01-e1631080788407.png","contentUrl":"https:\/\/syrox.com.tr\/wp-content\/uploads\/2021\/09\/cropped-SYROX-LOGO-01-e1631080788407.png","width":140,"height":23,"caption":"SYROX"},"image":{"@id":"https:\/\/syrox.com.tr\/de\/#\/schema\/logo\/image\/"},"sameAs":["https:\/\/www.instagram.com\/syroxtechnologies\/","https:\/\/www.youtube.com\/channel\/UCKUlb29HH5DfuT3ZYKWC6Aw","https:\/\/www.facebook.com\/syroxtechnologies","https:\/\/twitter.com\/SyroxTechnology"]}]}},"_links":{"self":[{"href":"https:\/\/syrox.com.tr\/de\/wp-json\/wp\/v2\/product\/10575"}],"collection":[{"href":"https:\/\/syrox.com.tr\/de\/wp-json\/wp\/v2\/product"}],"about":[{"href":"https:\/\/syrox.com.tr\/de\/wp-json\/wp\/v2\/types\/product"}],"wp:featuredmedia":[{"embeddable":true,"href":"https:\/\/syrox.com.tr\/de\/wp-json\/wp\/v2\/media\/10451"}],"wp:attachment":[{"href":"https:\/\/syrox.com.tr\/de\/wp-json\/wp\/v2\/media?parent=10575"}],"wp:term":[{"taxonomy":"product_cat","embeddable":true,"href":"https:\/\/syrox.com.tr\/de\/wp-json\/wp\/v2\/product_cat?post=10575"},{"taxonomy":"product_tag","embeddable":true,"href":"https:\/\/syrox.com.tr\/de\/wp-json\/wp\/v2\/product_tag?post=10575"}],"curies":[{"name":"wp","href":"https:\/\/api.w.org\/{rel}","templated":true}]}}