{"id":10639,"date":"2023-11-01T08:34:27","date_gmt":"2023-11-01T05:34:27","guid":{"rendered":"https:\/\/syrox.com.tr\/urunler\/unkategorisiert\/c145-2-4a-coklu-sarj-kablosu\/"},"modified":"2024-01-04T11:25:36","modified_gmt":"2024-01-04T08:25:36","slug":"c145-2-4a-coklu-sarj-kablosu","status":"publish","type":"product","link":"https:\/\/syrox.com.tr\/de\/produkte\/kabel\/mehrfachladung\/c145-2-4a-coklu-sarj-kablosu\/","title":{"rendered":"C145 2.4A Mehrfach-Ladekabel"},"content":{"rendered":"<h4><strong>\u00dcBER DAS PRODUKT<\/strong><\/h4>\n<h4>Es ist mit 3 Ausgangsanschl\u00fcssen ausgestattet, so dass Sie mehrere Ger\u00e4te gleichzeitig aufladen k\u00f6nnen. Die Kabelauffangvorrichtung des Produkts verf\u00fcgt \u00fcber ein Rollensystem: Wenn das Kabel von einer Seite gezogen wird, kann die Rolle das Kabel auffangen. Dank dieses Systems ist es haltbarer und langlebiger als andere Rollensysteme. Dar\u00fcber hinaus sorgt der Aufrollmechanismus daf\u00fcr, dass das Kabel immer gerade und einsatzbereit ist. Die Schnellladetechnologie l\u00e4dt Ihre Ger\u00e4te sicher mit der richtigen Stromst\u00e4rke und Leistung auf. Das Kabel aus Silikon ist extrem haltbar und sieht elegant und \u00e4sthetisch aus.<\/h4>\n<h5>Technische Daten<\/h5>\n<h5>* Schnelles Aufladen und Daten\u00fcbertragung<br \/>\n* 2,4A Schnellladetechnologie<br \/>\n* Kabell\u00e4nge 112 cm<br \/>\n* (CE) Inl\u00e4ndische Produktion in \u00dcbereinstimmung mit den Normen der Europ\u00e4ischen Union<\/h5>\n","protected":false},"excerpt":{"rendered":"<p>\u00dcBER DAS PRODUKT Es ist mit 3 Ausgangsanschl\u00fcssen ausgestattet, so dass Sie mehrere Ger\u00e4te gleichzeitig aufladen k\u00f6nnen. Die Kabelauffangvorrichtung des Produkts verf\u00fcgt \u00fcber ein Rollensystem: Wenn<span class=\"excerpt-hellip\"> [\u2026]<\/span><\/p>\n","protected":false},"featured_media":10346,"template":"","meta":[],"product_cat":[106,110],"product_tag":[],"yoast_head":"<!-- This site is optimized with the Yoast SEO plugin v19.13 - https:\/\/yoast.com\/wordpress\/plugins\/seo\/ -->\n<title>C145 2.4A Mehrfach-Ladekabel | Syrox<\/title>\n<meta name=\"robots\" content=\"index, follow, max-snippet:-1, max-image-preview:large, max-video-preview:-1\" \/>\n<link rel=\"canonical\" href=\"https:\/\/syrox.com.tr\/de\/produkte\/kabel\/mehrfachladung\/c145-2-4a-coklu-sarj-kablosu\/\" \/>\n<meta property=\"og:locale\" content=\"de_DE\" \/>\n<meta property=\"og:type\" content=\"article\" \/>\n<meta property=\"og:title\" content=\"C145 2.4A Mehrfach-Ladekabel | Syrox\" \/>\n<meta property=\"og:description\" content=\"\u00dcBER DAS PRODUKT Es ist mit 3 Ausgangsanschl\u00fcssen ausgestattet, so dass Sie mehrere Ger\u00e4te gleichzeitig aufladen k\u00f6nnen. Die Kabelauffangvorrichtung des Produkts verf\u00fcgt \u00fcber ein Rollensystem: Wenn [\u2026]\" \/>\n<meta property=\"og:url\" content=\"https:\/\/syrox.com.tr\/de\/produkte\/kabel\/mehrfachladung\/c145-2-4a-coklu-sarj-kablosu\/\" \/>\n<meta property=\"og:site_name\" content=\"Syrox\" \/>\n<meta property=\"article:publisher\" content=\"https:\/\/www.facebook.com\/syroxtechnologies\" \/>\n<meta property=\"article:modified_time\" content=\"2024-01-04T08:25:36+00:00\" \/>\n<meta property=\"og:image\" content=\"https:\/\/syrox.com.tr\/wp-content\/uploads\/2023\/11\/01_145-11.jpg\" \/>\n\t<meta property=\"og:image:width\" content=\"1040\" \/>\n\t<meta property=\"og:image:height\" content=\"733\" \/>\n\t<meta property=\"og:image:type\" content=\"image\/jpeg\" \/>\n<meta name=\"twitter:card\" content=\"summary_large_image\" \/>\n<meta name=\"twitter:site\" content=\"@SyroxTechnology\" \/>\n<meta name=\"twitter:label1\" content=\"Gesch\u00e4tzte Lesezeit\" \/>\n\t<meta name=\"twitter:data1\" content=\"1\u00a0Minute\" \/>\n<script type=\"application\/ld+json\" class=\"yoast-schema-graph\">{\"@context\":\"https:\/\/schema.org\",\"@graph\":[{\"@type\":\"WebPage\",\"@id\":\"https:\/\/syrox.com.tr\/de\/produkte\/kabel\/mehrfachladung\/c145-2-4a-coklu-sarj-kablosu\/\",\"url\":\"https:\/\/syrox.com.tr\/de\/produkte\/kabel\/mehrfachladung\/c145-2-4a-coklu-sarj-kablosu\/\",\"name\":\"C145 2.4A Mehrfach-Ladekabel | Syrox\",\"isPartOf\":{\"@id\":\"https:\/\/syrox.com.tr\/de\/#website\"},\"datePublished\":\"2023-11-01T05:34:27+00:00\",\"dateModified\":\"2024-01-04T08:25:36+00:00\",\"breadcrumb\":{\"@id\":\"https:\/\/syrox.com.tr\/de\/produkte\/kabel\/mehrfachladung\/c145-2-4a-coklu-sarj-kablosu\/#breadcrumb\"},\"inLanguage\":\"de\",\"potentialAction\":[{\"@type\":\"ReadAction\",\"target\":[\"https:\/\/syrox.com.tr\/de\/produkte\/kabel\/mehrfachladung\/c145-2-4a-coklu-sarj-kablosu\/\"]}]},{\"@type\":\"BreadcrumbList\",\"@id\":\"https:\/\/syrox.com.tr\/de\/produkte\/kabel\/mehrfachladung\/c145-2-4a-coklu-sarj-kablosu\/#breadcrumb\",\"itemListElement\":[{\"@type\":\"ListItem\",\"position\":1,\"name\":\"Startseite\",\"item\":\"https:\/\/syrox.com.tr\/de\/\"},{\"@type\":\"ListItem\",\"position\":2,\"name\":\"Unsere Produkte\",\"item\":\"https:\/\/syrox.com.tr\/de\/unsere-produkte\/\"},{\"@type\":\"ListItem\",\"position\":3,\"name\":\"C145 2.4A Mehrfach-Ladekabel\"}]},{\"@type\":\"WebSite\",\"@id\":\"https:\/\/syrox.com.tr\/de\/#website\",\"url\":\"https:\/\/syrox.com.tr\/de\/\",\"name\":\"SYROX\",\"description\":\"T\u00fcrkiye&#039;nin Telefon, Tablet, Bilgisayar Aksesuar Markas\u0131\",\"publisher\":{\"@id\":\"https:\/\/syrox.com.tr\/de\/#organization\"},\"potentialAction\":[{\"@type\":\"SearchAction\",\"target\":{\"@type\":\"EntryPoint\",\"urlTemplate\":\"https:\/\/syrox.com.tr\/de\/?s={search_term_string}\"},\"query-input\":\"required name=search_term_string\"}],\"inLanguage\":\"de\"},{\"@type\":\"Organization\",\"@id\":\"https:\/\/syrox.com.tr\/de\/#organization\",\"name\":\"SYROX\",\"url\":\"https:\/\/syrox.com.tr\/de\/\",\"logo\":{\"@type\":\"ImageObject\",\"inLanguage\":\"de\",\"@id\":\"https:\/\/syrox.com.tr\/de\/#\/schema\/logo\/image\/\",\"url\":\"https:\/\/syrox.com.tr\/wp-content\/uploads\/2021\/09\/cropped-SYROX-LOGO-01-e1631080788407.png\",\"contentUrl\":\"https:\/\/syrox.com.tr\/wp-content\/uploads\/2021\/09\/cropped-SYROX-LOGO-01-e1631080788407.png\",\"width\":140,\"height\":23,\"caption\":\"SYROX\"},\"image\":{\"@id\":\"https:\/\/syrox.com.tr\/de\/#\/schema\/logo\/image\/\"},\"sameAs\":[\"https:\/\/www.instagram.com\/syroxtechnologies\/\",\"https:\/\/www.youtube.com\/channel\/UCKUlb29HH5DfuT3ZYKWC6Aw\",\"https:\/\/www.facebook.com\/syroxtechnologies\",\"https:\/\/twitter.com\/SyroxTechnology\"]}]}<\/script>\n<!-- \/ Yoast SEO plugin. -->","yoast_head_json":{"title":"C145 2.4A Mehrfach-Ladekabel | Syrox","robots":{"index":"index","follow":"follow","max-snippet":"max-snippet:-1","max-image-preview":"max-image-preview:large","max-video-preview":"max-video-preview:-1"},"canonical":"https:\/\/syrox.com.tr\/de\/produkte\/kabel\/mehrfachladung\/c145-2-4a-coklu-sarj-kablosu\/","og_locale":"de_DE","og_type":"article","og_title":"C145 2.4A Mehrfach-Ladekabel | Syrox","og_description":"\u00dcBER DAS PRODUKT Es ist mit 3 Ausgangsanschl\u00fcssen ausgestattet, so dass Sie mehrere Ger\u00e4te gleichzeitig aufladen k\u00f6nnen. Die Kabelauffangvorrichtung des Produkts verf\u00fcgt \u00fcber ein Rollensystem: Wenn [\u2026]","og_url":"https:\/\/syrox.com.tr\/de\/produkte\/kabel\/mehrfachladung\/c145-2-4a-coklu-sarj-kablosu\/","og_site_name":"Syrox","article_publisher":"https:\/\/www.facebook.com\/syroxtechnologies","article_modified_time":"2024-01-04T08:25:36+00:00","og_image":[{"width":1040,"height":733,"url":"https:\/\/syrox.com.tr\/wp-content\/uploads\/2023\/11\/01_145-11.jpg","type":"image\/jpeg"}],"twitter_card":"summary_large_image","twitter_site":"@SyroxTechnology","twitter_misc":{"Gesch\u00e4tzte Lesezeit":"1\u00a0Minute"},"schema":{"@context":"https:\/\/schema.org","@graph":[{"@type":"WebPage","@id":"https:\/\/syrox.com.tr\/de\/produkte\/kabel\/mehrfachladung\/c145-2-4a-coklu-sarj-kablosu\/","url":"https:\/\/syrox.com.tr\/de\/produkte\/kabel\/mehrfachladung\/c145-2-4a-coklu-sarj-kablosu\/","name":"C145 2.4A Mehrfach-Ladekabel | Syrox","isPartOf":{"@id":"https:\/\/syrox.com.tr\/de\/#website"},"datePublished":"2023-11-01T05:34:27+00:00","dateModified":"2024-01-04T08:25:36+00:00","breadcrumb":{"@id":"https:\/\/syrox.com.tr\/de\/produkte\/kabel\/mehrfachladung\/c145-2-4a-coklu-sarj-kablosu\/#breadcrumb"},"inLanguage":"de","potentialAction":[{"@type":"ReadAction","target":["https:\/\/syrox.com.tr\/de\/produkte\/kabel\/mehrfachladung\/c145-2-4a-coklu-sarj-kablosu\/"]}]},{"@type":"BreadcrumbList","@id":"https:\/\/syrox.com.tr\/de\/produkte\/kabel\/mehrfachladung\/c145-2-4a-coklu-sarj-kablosu\/#breadcrumb","itemListElement":[{"@type":"ListItem","position":1,"name":"Startseite","item":"https:\/\/syrox.com.tr\/de\/"},{"@type":"ListItem","position":2,"name":"Unsere Produkte","item":"https:\/\/syrox.com.tr\/de\/unsere-produkte\/"},{"@type":"ListItem","position":3,"name":"C145 2.4A Mehrfach-Ladekabel"}]},{"@type":"WebSite","@id":"https:\/\/syrox.com.tr\/de\/#website","url":"https:\/\/syrox.com.tr\/de\/","name":"SYROX","description":"T\u00fcrkiye&#039;nin Telefon, Tablet, Bilgisayar Aksesuar Markas\u0131","publisher":{"@id":"https:\/\/syrox.com.tr\/de\/#organization"},"potentialAction":[{"@type":"SearchAction","target":{"@type":"EntryPoint","urlTemplate":"https:\/\/syrox.com.tr\/de\/?s={search_term_string}"},"query-input":"required name=search_term_string"}],"inLanguage":"de"},{"@type":"Organization","@id":"https:\/\/syrox.com.tr\/de\/#organization","name":"SYROX","url":"https:\/\/syrox.com.tr\/de\/","logo":{"@type":"ImageObject","inLanguage":"de","@id":"https:\/\/syrox.com.tr\/de\/#\/schema\/logo\/image\/","url":"https:\/\/syrox.com.tr\/wp-content\/uploads\/2021\/09\/cropped-SYROX-LOGO-01-e1631080788407.png","contentUrl":"https:\/\/syrox.com.tr\/wp-content\/uploads\/2021\/09\/cropped-SYROX-LOGO-01-e1631080788407.png","width":140,"height":23,"caption":"SYROX"},"image":{"@id":"https:\/\/syrox.com.tr\/de\/#\/schema\/logo\/image\/"},"sameAs":["https:\/\/www.instagram.com\/syroxtechnologies\/","https:\/\/www.youtube.com\/channel\/UCKUlb29HH5DfuT3ZYKWC6Aw","https:\/\/www.facebook.com\/syroxtechnologies","https:\/\/twitter.com\/SyroxTechnology"]}]}},"_links":{"self":[{"href":"https:\/\/syrox.com.tr\/de\/wp-json\/wp\/v2\/product\/10639"}],"collection":[{"href":"https:\/\/syrox.com.tr\/de\/wp-json\/wp\/v2\/product"}],"about":[{"href":"https:\/\/syrox.com.tr\/de\/wp-json\/wp\/v2\/types\/product"}],"wp:featuredmedia":[{"embeddable":true,"href":"https:\/\/syrox.com.tr\/de\/wp-json\/wp\/v2\/media\/10346"}],"wp:attachment":[{"href":"https:\/\/syrox.com.tr\/de\/wp-json\/wp\/v2\/media?parent=10639"}],"wp:term":[{"taxonomy":"product_cat","embeddable":true,"href":"https:\/\/syrox.com.tr\/de\/wp-json\/wp\/v2\/product_cat?post=10639"},{"taxonomy":"product_tag","embeddable":true,"href":"https:\/\/syrox.com.tr\/de\/wp-json\/wp\/v2\/product_tag?post=10639"}],"curies":[{"name":"wp","href":"https:\/\/api.w.org\/{rel}","templated":true}]}}