{"id":10729,"date":"2023-10-17T13:21:44","date_gmt":"2023-10-17T10:21:44","guid":{"rendered":"https:\/\/syrox.com.tr\/urunler\/unkategorisiert\/dt22t-a-3-5-converter-kulaklik-cevirici\/"},"modified":"2024-01-04T14:04:33","modified_gmt":"2024-01-04T11:04:33","slug":"dt22t-a-3-5-converter-kulaklik-cevirici","status":"publish","type":"product","link":"https:\/\/syrox.com.tr\/de\/produkte\/zubehorteil\/konverter\/dt22t-a-3-5-converter-kulaklik-cevirici\/","title":{"rendered":"DT22T-A 3,5-mm-WANDLER"},"content":{"rendered":"<h4><strong>3.5 Konverter TYPE-C zu Aux Konverter<\/strong><\/h4>\n<h4>Konvertiert 3,5 mm Audio von Typ-C in 3,5 mm Audio mit Mikrofon und Unterst\u00fctzung f\u00fcr kabelgebundene Steuerung. Dank seiner kleinen Struktur k\u00f6nnen Sie ihn leicht mit sich f\u00fchren. Der 3.5MM-Stereo-Konverter \u00fcbertr\u00e4gt den Ton mit der gleichen Leistung an Ihre Kopfh\u00f6rer.<\/h4>\n<h5>Eigenschaften<\/p>\n<p>*Super kurzes Design<br \/>\n*Klein und leicht, einfach zu transportieren<br \/>\n*Keine zus\u00e4tzliche Software erforderlich<br \/>\n*Kabell\u00e4nge 95mm<br \/>\n* Nimmt Energie vom Blitzeinschlag auf<\/h5>\n","protected":false},"excerpt":{"rendered":"<p>3.5 Konverter TYPE-C zu Aux Konverter Konvertiert 3,5 mm Audio von Typ-C in 3,5 mm Audio mit Mikrofon und Unterst\u00fctzung f\u00fcr kabelgebundene Steuerung. Dank seiner kleinen<span class=\"excerpt-hellip\"> [\u2026]<\/span><\/p>\n","protected":false},"featured_media":9631,"template":"","meta":[],"product_cat":[94,93],"product_tag":[],"yoast_head":"<!-- This site is optimized with the Yoast SEO plugin v19.13 - https:\/\/yoast.com\/wordpress\/plugins\/seo\/ -->\n<title>DT22T-A 3,5-mm-WANDLER | Syrox<\/title>\n<meta name=\"robots\" content=\"index, follow, max-snippet:-1, max-image-preview:large, max-video-preview:-1\" \/>\n<link rel=\"canonical\" href=\"https:\/\/syrox.com.tr\/de\/produkte\/zubehorteil\/konverter\/dt22t-a-3-5-converter-kulaklik-cevirici\/\" \/>\n<meta property=\"og:locale\" content=\"de_DE\" \/>\n<meta property=\"og:type\" content=\"article\" \/>\n<meta property=\"og:title\" content=\"DT22T-A 3,5-mm-WANDLER | Syrox\" \/>\n<meta property=\"og:description\" content=\"3.5 Konverter TYPE-C zu Aux Konverter Konvertiert 3,5 mm Audio von Typ-C in 3,5 mm Audio mit Mikrofon und Unterst\u00fctzung f\u00fcr kabelgebundene Steuerung. Dank seiner kleinen [\u2026]\" \/>\n<meta property=\"og:url\" content=\"https:\/\/syrox.com.tr\/de\/produkte\/zubehorteil\/konverter\/dt22t-a-3-5-converter-kulaklik-cevirici\/\" \/>\n<meta property=\"og:site_name\" content=\"Syrox\" \/>\n<meta property=\"article:publisher\" content=\"https:\/\/www.facebook.com\/syroxtechnologies\" \/>\n<meta property=\"article:modified_time\" content=\"2024-01-04T11:04:33+00:00\" \/>\n<meta property=\"og:image\" content=\"https:\/\/syrox.com.tr\/wp-content\/uploads\/2023\/10\/web-01-1.png\" \/>\n\t<meta property=\"og:image:width\" content=\"800\" \/>\n\t<meta property=\"og:image:height\" content=\"564\" \/>\n\t<meta property=\"og:image:type\" content=\"image\/png\" \/>\n<meta name=\"twitter:card\" content=\"summary_large_image\" \/>\n<meta name=\"twitter:site\" content=\"@SyroxTechnology\" \/>\n<meta name=\"twitter:label1\" content=\"Gesch\u00e4tzte Lesezeit\" \/>\n\t<meta name=\"twitter:data1\" content=\"1\u00a0Minute\" \/>\n<script type=\"application\/ld+json\" class=\"yoast-schema-graph\">{\"@context\":\"https:\/\/schema.org\",\"@graph\":[{\"@type\":\"WebPage\",\"@id\":\"https:\/\/syrox.com.tr\/de\/produkte\/zubehorteil\/konverter\/dt22t-a-3-5-converter-kulaklik-cevirici\/\",\"url\":\"https:\/\/syrox.com.tr\/de\/produkte\/zubehorteil\/konverter\/dt22t-a-3-5-converter-kulaklik-cevirici\/\",\"name\":\"DT22T-A 3,5-mm-WANDLER | Syrox\",\"isPartOf\":{\"@id\":\"https:\/\/syrox.com.tr\/de\/#website\"},\"datePublished\":\"2023-10-17T10:21:44+00:00\",\"dateModified\":\"2024-01-04T11:04:33+00:00\",\"breadcrumb\":{\"@id\":\"https:\/\/syrox.com.tr\/de\/produkte\/zubehorteil\/konverter\/dt22t-a-3-5-converter-kulaklik-cevirici\/#breadcrumb\"},\"inLanguage\":\"de\",\"potentialAction\":[{\"@type\":\"ReadAction\",\"target\":[\"https:\/\/syrox.com.tr\/de\/produkte\/zubehorteil\/konverter\/dt22t-a-3-5-converter-kulaklik-cevirici\/\"]}]},{\"@type\":\"BreadcrumbList\",\"@id\":\"https:\/\/syrox.com.tr\/de\/produkte\/zubehorteil\/konverter\/dt22t-a-3-5-converter-kulaklik-cevirici\/#breadcrumb\",\"itemListElement\":[{\"@type\":\"ListItem\",\"position\":1,\"name\":\"Startseite\",\"item\":\"https:\/\/syrox.com.tr\/de\/\"},{\"@type\":\"ListItem\",\"position\":2,\"name\":\"Unsere Produkte\",\"item\":\"https:\/\/syrox.com.tr\/de\/unsere-produkte\/\"},{\"@type\":\"ListItem\",\"position\":3,\"name\":\"DT22T-A 3,5-mm-WANDLER\"}]},{\"@type\":\"WebSite\",\"@id\":\"https:\/\/syrox.com.tr\/de\/#website\",\"url\":\"https:\/\/syrox.com.tr\/de\/\",\"name\":\"SYROX\",\"description\":\"T\u00fcrkiye&#039;nin Telefon, Tablet, Bilgisayar Aksesuar Markas\u0131\",\"publisher\":{\"@id\":\"https:\/\/syrox.com.tr\/de\/#organization\"},\"potentialAction\":[{\"@type\":\"SearchAction\",\"target\":{\"@type\":\"EntryPoint\",\"urlTemplate\":\"https:\/\/syrox.com.tr\/de\/?s={search_term_string}\"},\"query-input\":\"required name=search_term_string\"}],\"inLanguage\":\"de\"},{\"@type\":\"Organization\",\"@id\":\"https:\/\/syrox.com.tr\/de\/#organization\",\"name\":\"SYROX\",\"url\":\"https:\/\/syrox.com.tr\/de\/\",\"logo\":{\"@type\":\"ImageObject\",\"inLanguage\":\"de\",\"@id\":\"https:\/\/syrox.com.tr\/de\/#\/schema\/logo\/image\/\",\"url\":\"https:\/\/syrox.com.tr\/wp-content\/uploads\/2021\/09\/cropped-SYROX-LOGO-01-e1631080788407.png\",\"contentUrl\":\"https:\/\/syrox.com.tr\/wp-content\/uploads\/2021\/09\/cropped-SYROX-LOGO-01-e1631080788407.png\",\"width\":140,\"height\":23,\"caption\":\"SYROX\"},\"image\":{\"@id\":\"https:\/\/syrox.com.tr\/de\/#\/schema\/logo\/image\/\"},\"sameAs\":[\"https:\/\/www.instagram.com\/syroxtechnologies\/\",\"https:\/\/www.youtube.com\/channel\/UCKUlb29HH5DfuT3ZYKWC6Aw\",\"https:\/\/www.facebook.com\/syroxtechnologies\",\"https:\/\/twitter.com\/SyroxTechnology\"]}]}<\/script>\n<!-- \/ Yoast SEO plugin. -->","yoast_head_json":{"title":"DT22T-A 3,5-mm-WANDLER | Syrox","robots":{"index":"index","follow":"follow","max-snippet":"max-snippet:-1","max-image-preview":"max-image-preview:large","max-video-preview":"max-video-preview:-1"},"canonical":"https:\/\/syrox.com.tr\/de\/produkte\/zubehorteil\/konverter\/dt22t-a-3-5-converter-kulaklik-cevirici\/","og_locale":"de_DE","og_type":"article","og_title":"DT22T-A 3,5-mm-WANDLER | Syrox","og_description":"3.5 Konverter TYPE-C zu Aux Konverter Konvertiert 3,5 mm Audio von Typ-C in 3,5 mm Audio mit Mikrofon und Unterst\u00fctzung f\u00fcr kabelgebundene Steuerung. Dank seiner kleinen [\u2026]","og_url":"https:\/\/syrox.com.tr\/de\/produkte\/zubehorteil\/konverter\/dt22t-a-3-5-converter-kulaklik-cevirici\/","og_site_name":"Syrox","article_publisher":"https:\/\/www.facebook.com\/syroxtechnologies","article_modified_time":"2024-01-04T11:04:33+00:00","og_image":[{"width":800,"height":564,"url":"https:\/\/syrox.com.tr\/wp-content\/uploads\/2023\/10\/web-01-1.png","type":"image\/png"}],"twitter_card":"summary_large_image","twitter_site":"@SyroxTechnology","twitter_misc":{"Gesch\u00e4tzte Lesezeit":"1\u00a0Minute"},"schema":{"@context":"https:\/\/schema.org","@graph":[{"@type":"WebPage","@id":"https:\/\/syrox.com.tr\/de\/produkte\/zubehorteil\/konverter\/dt22t-a-3-5-converter-kulaklik-cevirici\/","url":"https:\/\/syrox.com.tr\/de\/produkte\/zubehorteil\/konverter\/dt22t-a-3-5-converter-kulaklik-cevirici\/","name":"DT22T-A 3,5-mm-WANDLER | Syrox","isPartOf":{"@id":"https:\/\/syrox.com.tr\/de\/#website"},"datePublished":"2023-10-17T10:21:44+00:00","dateModified":"2024-01-04T11:04:33+00:00","breadcrumb":{"@id":"https:\/\/syrox.com.tr\/de\/produkte\/zubehorteil\/konverter\/dt22t-a-3-5-converter-kulaklik-cevirici\/#breadcrumb"},"inLanguage":"de","potentialAction":[{"@type":"ReadAction","target":["https:\/\/syrox.com.tr\/de\/produkte\/zubehorteil\/konverter\/dt22t-a-3-5-converter-kulaklik-cevirici\/"]}]},{"@type":"BreadcrumbList","@id":"https:\/\/syrox.com.tr\/de\/produkte\/zubehorteil\/konverter\/dt22t-a-3-5-converter-kulaklik-cevirici\/#breadcrumb","itemListElement":[{"@type":"ListItem","position":1,"name":"Startseite","item":"https:\/\/syrox.com.tr\/de\/"},{"@type":"ListItem","position":2,"name":"Unsere Produkte","item":"https:\/\/syrox.com.tr\/de\/unsere-produkte\/"},{"@type":"ListItem","position":3,"name":"DT22T-A 3,5-mm-WANDLER"}]},{"@type":"WebSite","@id":"https:\/\/syrox.com.tr\/de\/#website","url":"https:\/\/syrox.com.tr\/de\/","name":"SYROX","description":"T\u00fcrkiye&#039;nin Telefon, Tablet, Bilgisayar Aksesuar Markas\u0131","publisher":{"@id":"https:\/\/syrox.com.tr\/de\/#organization"},"potentialAction":[{"@type":"SearchAction","target":{"@type":"EntryPoint","urlTemplate":"https:\/\/syrox.com.tr\/de\/?s={search_term_string}"},"query-input":"required name=search_term_string"}],"inLanguage":"de"},{"@type":"Organization","@id":"https:\/\/syrox.com.tr\/de\/#organization","name":"SYROX","url":"https:\/\/syrox.com.tr\/de\/","logo":{"@type":"ImageObject","inLanguage":"de","@id":"https:\/\/syrox.com.tr\/de\/#\/schema\/logo\/image\/","url":"https:\/\/syrox.com.tr\/wp-content\/uploads\/2021\/09\/cropped-SYROX-LOGO-01-e1631080788407.png","contentUrl":"https:\/\/syrox.com.tr\/wp-content\/uploads\/2021\/09\/cropped-SYROX-LOGO-01-e1631080788407.png","width":140,"height":23,"caption":"SYROX"},"image":{"@id":"https:\/\/syrox.com.tr\/de\/#\/schema\/logo\/image\/"},"sameAs":["https:\/\/www.instagram.com\/syroxtechnologies\/","https:\/\/www.youtube.com\/channel\/UCKUlb29HH5DfuT3ZYKWC6Aw","https:\/\/www.facebook.com\/syroxtechnologies","https:\/\/twitter.com\/SyroxTechnology"]}]}},"_links":{"self":[{"href":"https:\/\/syrox.com.tr\/de\/wp-json\/wp\/v2\/product\/10729"}],"collection":[{"href":"https:\/\/syrox.com.tr\/de\/wp-json\/wp\/v2\/product"}],"about":[{"href":"https:\/\/syrox.com.tr\/de\/wp-json\/wp\/v2\/types\/product"}],"wp:featuredmedia":[{"embeddable":true,"href":"https:\/\/syrox.com.tr\/de\/wp-json\/wp\/v2\/media\/9631"}],"wp:attachment":[{"href":"https:\/\/syrox.com.tr\/de\/wp-json\/wp\/v2\/media?parent=10729"}],"wp:term":[{"taxonomy":"product_cat","embeddable":true,"href":"https:\/\/syrox.com.tr\/de\/wp-json\/wp\/v2\/product_cat?post=10729"},{"taxonomy":"product_tag","embeddable":true,"href":"https:\/\/syrox.com.tr\/de\/wp-json\/wp\/v2\/product_tag?post=10729"}],"curies":[{"name":"wp","href":"https:\/\/api.w.org\/{rel}","templated":true}]}}