{"id":10768,"date":"2023-10-17T09:15:54","date_gmt":"2023-10-17T06:15:54","guid":{"rendered":"https:\/\/syrox.com.tr\/urunler\/unkategorisiert\/ph32-miknatisli-arac-tutucu\/"},"modified":"2024-01-04T14:56:09","modified_gmt":"2024-01-04T11:56:09","slug":"ph32-miknatisli-arac-tutucu","status":"publish","type":"product","link":"https:\/\/syrox.com.tr\/de\/produkte\/zubehorteil\/autohalterung\/ph32-miknatisli-arac-tutucu\/","title":{"rendered":"PH32 MAGNETISCHE TELEFONHALTERUNG IM AUTO"},"content":{"rendered":"<h4><strong>MULTIFUNKTIONALE MAGNETISCHE HANDYHALTERUNG IM AUTO<\/strong><\/h4>\n<h4>&#8220; MAGNETISCHER 6-PUNKT-MAGNET<br \/>\n&#8220; KOMPATIBEL F\u00dcR ALLE INTELLIGENTEN GER\u00c4TE<\/h4>\n<h5>Eigenschaften<\/h5>\n<h5>*Die Installation ist praktisch und einfach. Sie k\u00f6nnen das Produkt entweder an der Konsole oder an der Scheibe anbringen.<br \/>\n*Mit seinem starken Magneten ist der Handyhalter resistent gegen Notbremsungen und Gel\u00e4ndebedingungen.<br \/>\n*Sie k\u00f6nnen Ihr Telefon vertikal oder horizontal mit seinem stabilen Schwerpunkt positionieren.<br \/>\n*Einstellbar mit 270 Grad flexiblem Winkel, 360 Grad Drehbarkeit.<br \/>\n*Das um 360 Grad drehbare Ger\u00e4t bietet Ihnen den besten Blickwinkel f\u00fcr die Fahrsicherheit.<br \/>\n*Mit seiner starken Saugnapf-F\u00e4higkeit bewegt er sich nicht von der Stelle, an der er befestigt ist, und bietet auch eine einfache Wiederverwendung.<br \/>\n*Dank des rutschfesten und weichen Silikonmaterials zerkratzt er Ihr Ger\u00e4t nicht.<br \/>\n*Um die Sicherheit zu gew\u00e4hrleisten, m\u00fcssen Sie die Mutter auf Ihrem Handy-Halter nach Abschluss der Einstellung festziehen.<\/h5>\n<p>&nbsp;<\/p>\n<p><img loading=\"lazy\" class=\"alignnone size-full wp-image-9477\" src=\"https:\/\/syrox.com.tr\/wp-content\/uploads\/2023\/10\/web_arac-03.png\" alt=\"\" width=\"2000\" height=\"1125\" srcset=\"https:\/\/syrox.com.tr\/wp-content\/uploads\/2023\/10\/web_arac-03.png 2000w, https:\/\/syrox.com.tr\/wp-content\/uploads\/2023\/10\/web_arac-03-300x169.png 300w, https:\/\/syrox.com.tr\/wp-content\/uploads\/2023\/10\/web_arac-03-1024x576.png 1024w, https:\/\/syrox.com.tr\/wp-content\/uploads\/2023\/10\/web_arac-03-768x432.png 768w, https:\/\/syrox.com.tr\/wp-content\/uploads\/2023\/10\/web_arac-03-1536x864.png 1536w, https:\/\/syrox.com.tr\/wp-content\/uploads\/2023\/10\/web_arac-03-260x146.png 260w, https:\/\/syrox.com.tr\/wp-content\/uploads\/2023\/10\/web_arac-03-50x28.png 50w, https:\/\/syrox.com.tr\/wp-content\/uploads\/2023\/10\/web_arac-03-133x75.png 133w, https:\/\/syrox.com.tr\/wp-content\/uploads\/2023\/10\/web_arac-03-1200x675.png 1200w, https:\/\/syrox.com.tr\/wp-content\/uploads\/2023\/10\/web_arac-03-800x450.png 800w\" sizes=\"(max-width: 2000px) 100vw, 2000px\" \/><\/p>\n","protected":false},"excerpt":{"rendered":"<p>MULTIFUNKTIONALE MAGNETISCHE HANDYHALTERUNG IM AUTO &#8220; MAGNETISCHER 6-PUNKT-MAGNET &#8220; KOMPATIBEL F\u00dcR ALLE INTELLIGENTEN GER\u00c4TE Eigenschaften *Die Installation ist praktisch und einfach. Sie k\u00f6nnen das Produkt entweder<span class=\"excerpt-hellip\"> [\u2026]<\/span><\/p>\n","protected":false},"featured_media":9485,"template":"","meta":[],"product_cat":[159,93],"product_tag":[],"yoast_head":"<!-- This site is optimized with the Yoast SEO plugin v19.13 - https:\/\/yoast.com\/wordpress\/plugins\/seo\/ -->\n<title>PH32 MAGNETISCHE TELEFONHALTERUNG IM AUTO | Syrox<\/title>\n<meta name=\"robots\" content=\"index, follow, max-snippet:-1, max-image-preview:large, max-video-preview:-1\" \/>\n<link rel=\"canonical\" href=\"https:\/\/syrox.com.tr\/de\/produkte\/zubehorteil\/autohalterung\/ph32-miknatisli-arac-tutucu\/\" \/>\n<meta property=\"og:locale\" content=\"de_DE\" \/>\n<meta property=\"og:type\" content=\"article\" \/>\n<meta property=\"og:title\" content=\"PH32 MAGNETISCHE TELEFONHALTERUNG IM AUTO | Syrox\" \/>\n<meta property=\"og:description\" content=\"MULTIFUNKTIONALE MAGNETISCHE HANDYHALTERUNG IM AUTO &#8220; MAGNETISCHER 6-PUNKT-MAGNET &#8220; KOMPATIBEL F\u00dcR ALLE INTELLIGENTEN GER\u00c4TE Eigenschaften *Die Installation ist praktisch und einfach. Sie k\u00f6nnen das Produkt entweder [\u2026]\" \/>\n<meta property=\"og:url\" content=\"https:\/\/syrox.com.tr\/de\/produkte\/zubehorteil\/autohalterung\/ph32-miknatisli-arac-tutucu\/\" \/>\n<meta property=\"og:site_name\" content=\"Syrox\" \/>\n<meta property=\"article:publisher\" content=\"https:\/\/www.facebook.com\/syroxtechnologies\" \/>\n<meta property=\"article:modified_time\" content=\"2024-01-04T11:56:09+00:00\" \/>\n<meta property=\"og:image\" content=\"https:\/\/syrox.com.tr\/wp-content\/uploads\/2023\/10\/web_arac-01.png\" \/>\n\t<meta property=\"og:image:width\" content=\"800\" \/>\n\t<meta property=\"og:image:height\" content=\"564\" \/>\n\t<meta property=\"og:image:type\" content=\"image\/png\" \/>\n<meta name=\"twitter:card\" content=\"summary_large_image\" \/>\n<meta name=\"twitter:site\" content=\"@SyroxTechnology\" \/>\n<meta name=\"twitter:label1\" content=\"Gesch\u00e4tzte Lesezeit\" \/>\n\t<meta name=\"twitter:data1\" content=\"1\u00a0Minute\" \/>\n<script type=\"application\/ld+json\" class=\"yoast-schema-graph\">{\"@context\":\"https:\/\/schema.org\",\"@graph\":[{\"@type\":\"WebPage\",\"@id\":\"https:\/\/syrox.com.tr\/de\/produkte\/zubehorteil\/autohalterung\/ph32-miknatisli-arac-tutucu\/\",\"url\":\"https:\/\/syrox.com.tr\/de\/produkte\/zubehorteil\/autohalterung\/ph32-miknatisli-arac-tutucu\/\",\"name\":\"PH32 MAGNETISCHE TELEFONHALTERUNG IM AUTO | Syrox\",\"isPartOf\":{\"@id\":\"https:\/\/syrox.com.tr\/de\/#website\"},\"datePublished\":\"2023-10-17T06:15:54+00:00\",\"dateModified\":\"2024-01-04T11:56:09+00:00\",\"breadcrumb\":{\"@id\":\"https:\/\/syrox.com.tr\/de\/produkte\/zubehorteil\/autohalterung\/ph32-miknatisli-arac-tutucu\/#breadcrumb\"},\"inLanguage\":\"de\",\"potentialAction\":[{\"@type\":\"ReadAction\",\"target\":[\"https:\/\/syrox.com.tr\/de\/produkte\/zubehorteil\/autohalterung\/ph32-miknatisli-arac-tutucu\/\"]}]},{\"@type\":\"BreadcrumbList\",\"@id\":\"https:\/\/syrox.com.tr\/de\/produkte\/zubehorteil\/autohalterung\/ph32-miknatisli-arac-tutucu\/#breadcrumb\",\"itemListElement\":[{\"@type\":\"ListItem\",\"position\":1,\"name\":\"Startseite\",\"item\":\"https:\/\/syrox.com.tr\/de\/\"},{\"@type\":\"ListItem\",\"position\":2,\"name\":\"Unsere Produkte\",\"item\":\"https:\/\/syrox.com.tr\/de\/unsere-produkte\/\"},{\"@type\":\"ListItem\",\"position\":3,\"name\":\"PH32 MAGNETISCHE TELEFONHALTERUNG IM AUTO\"}]},{\"@type\":\"WebSite\",\"@id\":\"https:\/\/syrox.com.tr\/de\/#website\",\"url\":\"https:\/\/syrox.com.tr\/de\/\",\"name\":\"SYROX\",\"description\":\"T\u00fcrkiye&#039;nin Telefon, Tablet, Bilgisayar Aksesuar Markas\u0131\",\"publisher\":{\"@id\":\"https:\/\/syrox.com.tr\/de\/#organization\"},\"potentialAction\":[{\"@type\":\"SearchAction\",\"target\":{\"@type\":\"EntryPoint\",\"urlTemplate\":\"https:\/\/syrox.com.tr\/de\/?s={search_term_string}\"},\"query-input\":\"required name=search_term_string\"}],\"inLanguage\":\"de\"},{\"@type\":\"Organization\",\"@id\":\"https:\/\/syrox.com.tr\/de\/#organization\",\"name\":\"SYROX\",\"url\":\"https:\/\/syrox.com.tr\/de\/\",\"logo\":{\"@type\":\"ImageObject\",\"inLanguage\":\"de\",\"@id\":\"https:\/\/syrox.com.tr\/de\/#\/schema\/logo\/image\/\",\"url\":\"https:\/\/syrox.com.tr\/wp-content\/uploads\/2021\/09\/cropped-SYROX-LOGO-01-e1631080788407.png\",\"contentUrl\":\"https:\/\/syrox.com.tr\/wp-content\/uploads\/2021\/09\/cropped-SYROX-LOGO-01-e1631080788407.png\",\"width\":140,\"height\":23,\"caption\":\"SYROX\"},\"image\":{\"@id\":\"https:\/\/syrox.com.tr\/de\/#\/schema\/logo\/image\/\"},\"sameAs\":[\"https:\/\/www.instagram.com\/syroxtechnologies\/\",\"https:\/\/www.youtube.com\/channel\/UCKUlb29HH5DfuT3ZYKWC6Aw\",\"https:\/\/www.facebook.com\/syroxtechnologies\",\"https:\/\/twitter.com\/SyroxTechnology\"]}]}<\/script>\n<!-- \/ Yoast SEO plugin. -->","yoast_head_json":{"title":"PH32 MAGNETISCHE TELEFONHALTERUNG IM AUTO | Syrox","robots":{"index":"index","follow":"follow","max-snippet":"max-snippet:-1","max-image-preview":"max-image-preview:large","max-video-preview":"max-video-preview:-1"},"canonical":"https:\/\/syrox.com.tr\/de\/produkte\/zubehorteil\/autohalterung\/ph32-miknatisli-arac-tutucu\/","og_locale":"de_DE","og_type":"article","og_title":"PH32 MAGNETISCHE TELEFONHALTERUNG IM AUTO | Syrox","og_description":"MULTIFUNKTIONALE MAGNETISCHE HANDYHALTERUNG IM AUTO &#8220; MAGNETISCHER 6-PUNKT-MAGNET &#8220; KOMPATIBEL F\u00dcR ALLE INTELLIGENTEN GER\u00c4TE Eigenschaften *Die Installation ist praktisch und einfach. Sie k\u00f6nnen das Produkt entweder [\u2026]","og_url":"https:\/\/syrox.com.tr\/de\/produkte\/zubehorteil\/autohalterung\/ph32-miknatisli-arac-tutucu\/","og_site_name":"Syrox","article_publisher":"https:\/\/www.facebook.com\/syroxtechnologies","article_modified_time":"2024-01-04T11:56:09+00:00","og_image":[{"width":800,"height":564,"url":"https:\/\/syrox.com.tr\/wp-content\/uploads\/2023\/10\/web_arac-01.png","type":"image\/png"}],"twitter_card":"summary_large_image","twitter_site":"@SyroxTechnology","twitter_misc":{"Gesch\u00e4tzte Lesezeit":"1\u00a0Minute"},"schema":{"@context":"https:\/\/schema.org","@graph":[{"@type":"WebPage","@id":"https:\/\/syrox.com.tr\/de\/produkte\/zubehorteil\/autohalterung\/ph32-miknatisli-arac-tutucu\/","url":"https:\/\/syrox.com.tr\/de\/produkte\/zubehorteil\/autohalterung\/ph32-miknatisli-arac-tutucu\/","name":"PH32 MAGNETISCHE TELEFONHALTERUNG IM AUTO | Syrox","isPartOf":{"@id":"https:\/\/syrox.com.tr\/de\/#website"},"datePublished":"2023-10-17T06:15:54+00:00","dateModified":"2024-01-04T11:56:09+00:00","breadcrumb":{"@id":"https:\/\/syrox.com.tr\/de\/produkte\/zubehorteil\/autohalterung\/ph32-miknatisli-arac-tutucu\/#breadcrumb"},"inLanguage":"de","potentialAction":[{"@type":"ReadAction","target":["https:\/\/syrox.com.tr\/de\/produkte\/zubehorteil\/autohalterung\/ph32-miknatisli-arac-tutucu\/"]}]},{"@type":"BreadcrumbList","@id":"https:\/\/syrox.com.tr\/de\/produkte\/zubehorteil\/autohalterung\/ph32-miknatisli-arac-tutucu\/#breadcrumb","itemListElement":[{"@type":"ListItem","position":1,"name":"Startseite","item":"https:\/\/syrox.com.tr\/de\/"},{"@type":"ListItem","position":2,"name":"Unsere Produkte","item":"https:\/\/syrox.com.tr\/de\/unsere-produkte\/"},{"@type":"ListItem","position":3,"name":"PH32 MAGNETISCHE TELEFONHALTERUNG IM AUTO"}]},{"@type":"WebSite","@id":"https:\/\/syrox.com.tr\/de\/#website","url":"https:\/\/syrox.com.tr\/de\/","name":"SYROX","description":"T\u00fcrkiye&#039;nin Telefon, Tablet, Bilgisayar Aksesuar Markas\u0131","publisher":{"@id":"https:\/\/syrox.com.tr\/de\/#organization"},"potentialAction":[{"@type":"SearchAction","target":{"@type":"EntryPoint","urlTemplate":"https:\/\/syrox.com.tr\/de\/?s={search_term_string}"},"query-input":"required name=search_term_string"}],"inLanguage":"de"},{"@type":"Organization","@id":"https:\/\/syrox.com.tr\/de\/#organization","name":"SYROX","url":"https:\/\/syrox.com.tr\/de\/","logo":{"@type":"ImageObject","inLanguage":"de","@id":"https:\/\/syrox.com.tr\/de\/#\/schema\/logo\/image\/","url":"https:\/\/syrox.com.tr\/wp-content\/uploads\/2021\/09\/cropped-SYROX-LOGO-01-e1631080788407.png","contentUrl":"https:\/\/syrox.com.tr\/wp-content\/uploads\/2021\/09\/cropped-SYROX-LOGO-01-e1631080788407.png","width":140,"height":23,"caption":"SYROX"},"image":{"@id":"https:\/\/syrox.com.tr\/de\/#\/schema\/logo\/image\/"},"sameAs":["https:\/\/www.instagram.com\/syroxtechnologies\/","https:\/\/www.youtube.com\/channel\/UCKUlb29HH5DfuT3ZYKWC6Aw","https:\/\/www.facebook.com\/syroxtechnologies","https:\/\/twitter.com\/SyroxTechnology"]}]}},"_links":{"self":[{"href":"https:\/\/syrox.com.tr\/de\/wp-json\/wp\/v2\/product\/10768"}],"collection":[{"href":"https:\/\/syrox.com.tr\/de\/wp-json\/wp\/v2\/product"}],"about":[{"href":"https:\/\/syrox.com.tr\/de\/wp-json\/wp\/v2\/types\/product"}],"wp:featuredmedia":[{"embeddable":true,"href":"https:\/\/syrox.com.tr\/de\/wp-json\/wp\/v2\/media\/9485"}],"wp:attachment":[{"href":"https:\/\/syrox.com.tr\/de\/wp-json\/wp\/v2\/media?parent=10768"}],"wp:term":[{"taxonomy":"product_cat","embeddable":true,"href":"https:\/\/syrox.com.tr\/de\/wp-json\/wp\/v2\/product_cat?post=10768"},{"taxonomy":"product_tag","embeddable":true,"href":"https:\/\/syrox.com.tr\/de\/wp-json\/wp\/v2\/product_tag?post=10768"}],"curies":[{"name":"wp","href":"https:\/\/api.w.org\/{rel}","templated":true}]}}