{"id":10785,"date":"2023-10-16T16:49:56","date_gmt":"2023-10-16T13:49:56","guid":{"rendered":"https:\/\/syrox.com.tr\/urunler\/unkategorisiert\/mx15-kablosuz-mikrofonlu-kulaklik\/"},"modified":"2024-01-04T15:24:54","modified_gmt":"2024-01-04T12:24:54","slug":"mx15-kablosuz-mikrofonlu-kulaklik","status":"publish","type":"product","link":"https:\/\/syrox.com.tr\/de\/produkte\/musik-und-audio\/drahtlose-kopfhorer\/mx15-kablosuz-mikrofonlu-kulaklik\/","title":{"rendered":"MX15 Drahtloses Headset mit Mikrofon"},"content":{"rendered":"<h4><strong>\u00dcBER DAS PRODUKT<\/strong><\/h4>\n<h4>*Lautsprecher\u00f6ffnung<br \/>\n*Kontaktstift zum Laden des Telefons<br \/>\n*Mikrofon f\u00fcr Anrufe<br \/>\n*Multifunktionale Non-Touch-Taste<br \/>\n*Batterieanzeige<br \/>\n*Typ-C-Ladeanschluss<\/h4>\n<h5>Technische Daten<\/h5>\n<h5>Kompatibel mit allen Bluetooth-f\u00e4higen Ger\u00e4ten<br \/>\nTWS-Modell: MX15<br \/>\nBT-Version : BT5.3<br \/>\nStandby-Zeit: 60 Stunden<br \/>\nMusik Dauer : 4 Stunden<br \/>\nSprechzeit : 3.5 Stunden<br \/>\nAufladezeit : 1 Stunde<br \/>\nBox-Akku : 220 mAh<br \/>\nHeadset-Akku : 25 mAh<\/h5>\n<p>&nbsp;<\/p>\n<p><img loading=\"lazy\" class=\"alignnone size-full wp-image-9424\" src=\"https:\/\/syrox.com.tr\/wp-content\/uploads\/2023\/10\/web-27.png\" alt=\"\" width=\"2000\" height=\"1125\" srcset=\"https:\/\/syrox.com.tr\/wp-content\/uploads\/2023\/10\/web-27.png 2000w, https:\/\/syrox.com.tr\/wp-content\/uploads\/2023\/10\/web-27-300x169.png 300w, https:\/\/syrox.com.tr\/wp-content\/uploads\/2023\/10\/web-27-1024x576.png 1024w, https:\/\/syrox.com.tr\/wp-content\/uploads\/2023\/10\/web-27-768x432.png 768w, https:\/\/syrox.com.tr\/wp-content\/uploads\/2023\/10\/web-27-1536x864.png 1536w, https:\/\/syrox.com.tr\/wp-content\/uploads\/2023\/10\/web-27-260x146.png 260w, https:\/\/syrox.com.tr\/wp-content\/uploads\/2023\/10\/web-27-50x28.png 50w, https:\/\/syrox.com.tr\/wp-content\/uploads\/2023\/10\/web-27-133x75.png 133w, https:\/\/syrox.com.tr\/wp-content\/uploads\/2023\/10\/web-27-1200x675.png 1200w, https:\/\/syrox.com.tr\/wp-content\/uploads\/2023\/10\/web-27-800x450.png 800w\" sizes=\"(max-width: 2000px) 100vw, 2000px\" \/><\/p>\n","protected":false},"excerpt":{"rendered":"<p>\u00dcBER DAS PRODUKT *Lautsprecher\u00f6ffnung *Kontaktstift zum Laden des Telefons *Mikrofon f\u00fcr Anrufe *Multifunktionale Non-Touch-Taste *Batterieanzeige *Typ-C-Ladeanschluss Technische Daten Kompatibel mit allen Bluetooth-f\u00e4higen Ger\u00e4ten TWS-Modell: MX15 BT-Version<span class=\"excerpt-hellip\"> [\u2026]<\/span><\/p>\n","protected":false},"featured_media":9432,"template":"","meta":[],"product_cat":[113,111],"product_tag":[],"yoast_head":"<!-- This site is optimized with the Yoast SEO plugin v19.13 - https:\/\/yoast.com\/wordpress\/plugins\/seo\/ -->\n<title>MX15 Drahtloses Headset mit Mikrofon | Syrox<\/title>\n<meta name=\"robots\" content=\"index, follow, max-snippet:-1, max-image-preview:large, max-video-preview:-1\" \/>\n<link rel=\"canonical\" href=\"https:\/\/syrox.com.tr\/de\/produkte\/musik-und-audio\/drahtlose-kopfhorer\/mx15-kablosuz-mikrofonlu-kulaklik\/\" \/>\n<meta property=\"og:locale\" content=\"de_DE\" \/>\n<meta property=\"og:type\" content=\"article\" \/>\n<meta property=\"og:title\" content=\"MX15 Drahtloses Headset mit Mikrofon | Syrox\" \/>\n<meta property=\"og:description\" content=\"\u00dcBER DAS PRODUKT *Lautsprecher\u00f6ffnung *Kontaktstift zum Laden des Telefons *Mikrofon f\u00fcr Anrufe *Multifunktionale Non-Touch-Taste *Batterieanzeige *Typ-C-Ladeanschluss Technische Daten Kompatibel mit allen Bluetooth-f\u00e4higen Ger\u00e4ten TWS-Modell: MX15 BT-Version [\u2026]\" \/>\n<meta property=\"og:url\" content=\"https:\/\/syrox.com.tr\/de\/produkte\/musik-und-audio\/drahtlose-kopfhorer\/mx15-kablosuz-mikrofonlu-kulaklik\/\" \/>\n<meta property=\"og:site_name\" content=\"Syrox\" \/>\n<meta property=\"article:publisher\" content=\"https:\/\/www.facebook.com\/syroxtechnologies\" \/>\n<meta property=\"article:modified_time\" content=\"2024-01-04T12:24:54+00:00\" \/>\n<meta property=\"og:image\" content=\"https:\/\/syrox.com.tr\/wp-content\/uploads\/2023\/10\/web-25.png\" \/>\n\t<meta property=\"og:image:width\" content=\"800\" \/>\n\t<meta property=\"og:image:height\" content=\"564\" \/>\n\t<meta property=\"og:image:type\" content=\"image\/png\" \/>\n<meta name=\"twitter:card\" content=\"summary_large_image\" \/>\n<meta name=\"twitter:site\" content=\"@SyroxTechnology\" \/>\n<meta name=\"twitter:label1\" content=\"Gesch\u00e4tzte Lesezeit\" \/>\n\t<meta name=\"twitter:data1\" content=\"1\u00a0Minute\" \/>\n<script type=\"application\/ld+json\" class=\"yoast-schema-graph\">{\"@context\":\"https:\/\/schema.org\",\"@graph\":[{\"@type\":\"WebPage\",\"@id\":\"https:\/\/syrox.com.tr\/de\/produkte\/musik-und-audio\/drahtlose-kopfhorer\/mx15-kablosuz-mikrofonlu-kulaklik\/\",\"url\":\"https:\/\/syrox.com.tr\/de\/produkte\/musik-und-audio\/drahtlose-kopfhorer\/mx15-kablosuz-mikrofonlu-kulaklik\/\",\"name\":\"MX15 Drahtloses Headset mit Mikrofon | Syrox\",\"isPartOf\":{\"@id\":\"https:\/\/syrox.com.tr\/de\/#website\"},\"datePublished\":\"2023-10-16T13:49:56+00:00\",\"dateModified\":\"2024-01-04T12:24:54+00:00\",\"breadcrumb\":{\"@id\":\"https:\/\/syrox.com.tr\/de\/produkte\/musik-und-audio\/drahtlose-kopfhorer\/mx15-kablosuz-mikrofonlu-kulaklik\/#breadcrumb\"},\"inLanguage\":\"de\",\"potentialAction\":[{\"@type\":\"ReadAction\",\"target\":[\"https:\/\/syrox.com.tr\/de\/produkte\/musik-und-audio\/drahtlose-kopfhorer\/mx15-kablosuz-mikrofonlu-kulaklik\/\"]}]},{\"@type\":\"BreadcrumbList\",\"@id\":\"https:\/\/syrox.com.tr\/de\/produkte\/musik-und-audio\/drahtlose-kopfhorer\/mx15-kablosuz-mikrofonlu-kulaklik\/#breadcrumb\",\"itemListElement\":[{\"@type\":\"ListItem\",\"position\":1,\"name\":\"Startseite\",\"item\":\"https:\/\/syrox.com.tr\/de\/\"},{\"@type\":\"ListItem\",\"position\":2,\"name\":\"Unsere Produkte\",\"item\":\"https:\/\/syrox.com.tr\/de\/unsere-produkte\/\"},{\"@type\":\"ListItem\",\"position\":3,\"name\":\"MX15 Drahtloses Headset mit Mikrofon\"}]},{\"@type\":\"WebSite\",\"@id\":\"https:\/\/syrox.com.tr\/de\/#website\",\"url\":\"https:\/\/syrox.com.tr\/de\/\",\"name\":\"SYROX\",\"description\":\"T\u00fcrkiye&#039;nin Telefon, Tablet, Bilgisayar Aksesuar Markas\u0131\",\"publisher\":{\"@id\":\"https:\/\/syrox.com.tr\/de\/#organization\"},\"potentialAction\":[{\"@type\":\"SearchAction\",\"target\":{\"@type\":\"EntryPoint\",\"urlTemplate\":\"https:\/\/syrox.com.tr\/de\/?s={search_term_string}\"},\"query-input\":\"required name=search_term_string\"}],\"inLanguage\":\"de\"},{\"@type\":\"Organization\",\"@id\":\"https:\/\/syrox.com.tr\/de\/#organization\",\"name\":\"SYROX\",\"url\":\"https:\/\/syrox.com.tr\/de\/\",\"logo\":{\"@type\":\"ImageObject\",\"inLanguage\":\"de\",\"@id\":\"https:\/\/syrox.com.tr\/de\/#\/schema\/logo\/image\/\",\"url\":\"https:\/\/syrox.com.tr\/wp-content\/uploads\/2021\/09\/cropped-SYROX-LOGO-01-e1631080788407.png\",\"contentUrl\":\"https:\/\/syrox.com.tr\/wp-content\/uploads\/2021\/09\/cropped-SYROX-LOGO-01-e1631080788407.png\",\"width\":140,\"height\":23,\"caption\":\"SYROX\"},\"image\":{\"@id\":\"https:\/\/syrox.com.tr\/de\/#\/schema\/logo\/image\/\"},\"sameAs\":[\"https:\/\/www.instagram.com\/syroxtechnologies\/\",\"https:\/\/www.youtube.com\/channel\/UCKUlb29HH5DfuT3ZYKWC6Aw\",\"https:\/\/www.facebook.com\/syroxtechnologies\",\"https:\/\/twitter.com\/SyroxTechnology\"]}]}<\/script>\n<!-- \/ Yoast SEO plugin. -->","yoast_head_json":{"title":"MX15 Drahtloses Headset mit Mikrofon | Syrox","robots":{"index":"index","follow":"follow","max-snippet":"max-snippet:-1","max-image-preview":"max-image-preview:large","max-video-preview":"max-video-preview:-1"},"canonical":"https:\/\/syrox.com.tr\/de\/produkte\/musik-und-audio\/drahtlose-kopfhorer\/mx15-kablosuz-mikrofonlu-kulaklik\/","og_locale":"de_DE","og_type":"article","og_title":"MX15 Drahtloses Headset mit Mikrofon | Syrox","og_description":"\u00dcBER DAS PRODUKT *Lautsprecher\u00f6ffnung *Kontaktstift zum Laden des Telefons *Mikrofon f\u00fcr Anrufe *Multifunktionale Non-Touch-Taste *Batterieanzeige *Typ-C-Ladeanschluss Technische Daten Kompatibel mit allen Bluetooth-f\u00e4higen Ger\u00e4ten TWS-Modell: MX15 BT-Version [\u2026]","og_url":"https:\/\/syrox.com.tr\/de\/produkte\/musik-und-audio\/drahtlose-kopfhorer\/mx15-kablosuz-mikrofonlu-kulaklik\/","og_site_name":"Syrox","article_publisher":"https:\/\/www.facebook.com\/syroxtechnologies","article_modified_time":"2024-01-04T12:24:54+00:00","og_image":[{"width":800,"height":564,"url":"https:\/\/syrox.com.tr\/wp-content\/uploads\/2023\/10\/web-25.png","type":"image\/png"}],"twitter_card":"summary_large_image","twitter_site":"@SyroxTechnology","twitter_misc":{"Gesch\u00e4tzte Lesezeit":"1\u00a0Minute"},"schema":{"@context":"https:\/\/schema.org","@graph":[{"@type":"WebPage","@id":"https:\/\/syrox.com.tr\/de\/produkte\/musik-und-audio\/drahtlose-kopfhorer\/mx15-kablosuz-mikrofonlu-kulaklik\/","url":"https:\/\/syrox.com.tr\/de\/produkte\/musik-und-audio\/drahtlose-kopfhorer\/mx15-kablosuz-mikrofonlu-kulaklik\/","name":"MX15 Drahtloses Headset mit Mikrofon | Syrox","isPartOf":{"@id":"https:\/\/syrox.com.tr\/de\/#website"},"datePublished":"2023-10-16T13:49:56+00:00","dateModified":"2024-01-04T12:24:54+00:00","breadcrumb":{"@id":"https:\/\/syrox.com.tr\/de\/produkte\/musik-und-audio\/drahtlose-kopfhorer\/mx15-kablosuz-mikrofonlu-kulaklik\/#breadcrumb"},"inLanguage":"de","potentialAction":[{"@type":"ReadAction","target":["https:\/\/syrox.com.tr\/de\/produkte\/musik-und-audio\/drahtlose-kopfhorer\/mx15-kablosuz-mikrofonlu-kulaklik\/"]}]},{"@type":"BreadcrumbList","@id":"https:\/\/syrox.com.tr\/de\/produkte\/musik-und-audio\/drahtlose-kopfhorer\/mx15-kablosuz-mikrofonlu-kulaklik\/#breadcrumb","itemListElement":[{"@type":"ListItem","position":1,"name":"Startseite","item":"https:\/\/syrox.com.tr\/de\/"},{"@type":"ListItem","position":2,"name":"Unsere Produkte","item":"https:\/\/syrox.com.tr\/de\/unsere-produkte\/"},{"@type":"ListItem","position":3,"name":"MX15 Drahtloses Headset mit Mikrofon"}]},{"@type":"WebSite","@id":"https:\/\/syrox.com.tr\/de\/#website","url":"https:\/\/syrox.com.tr\/de\/","name":"SYROX","description":"T\u00fcrkiye&#039;nin Telefon, Tablet, Bilgisayar Aksesuar Markas\u0131","publisher":{"@id":"https:\/\/syrox.com.tr\/de\/#organization"},"potentialAction":[{"@type":"SearchAction","target":{"@type":"EntryPoint","urlTemplate":"https:\/\/syrox.com.tr\/de\/?s={search_term_string}"},"query-input":"required name=search_term_string"}],"inLanguage":"de"},{"@type":"Organization","@id":"https:\/\/syrox.com.tr\/de\/#organization","name":"SYROX","url":"https:\/\/syrox.com.tr\/de\/","logo":{"@type":"ImageObject","inLanguage":"de","@id":"https:\/\/syrox.com.tr\/de\/#\/schema\/logo\/image\/","url":"https:\/\/syrox.com.tr\/wp-content\/uploads\/2021\/09\/cropped-SYROX-LOGO-01-e1631080788407.png","contentUrl":"https:\/\/syrox.com.tr\/wp-content\/uploads\/2021\/09\/cropped-SYROX-LOGO-01-e1631080788407.png","width":140,"height":23,"caption":"SYROX"},"image":{"@id":"https:\/\/syrox.com.tr\/de\/#\/schema\/logo\/image\/"},"sameAs":["https:\/\/www.instagram.com\/syroxtechnologies\/","https:\/\/www.youtube.com\/channel\/UCKUlb29HH5DfuT3ZYKWC6Aw","https:\/\/www.facebook.com\/syroxtechnologies","https:\/\/twitter.com\/SyroxTechnology"]}]}},"_links":{"self":[{"href":"https:\/\/syrox.com.tr\/de\/wp-json\/wp\/v2\/product\/10785"}],"collection":[{"href":"https:\/\/syrox.com.tr\/de\/wp-json\/wp\/v2\/product"}],"about":[{"href":"https:\/\/syrox.com.tr\/de\/wp-json\/wp\/v2\/types\/product"}],"wp:featuredmedia":[{"embeddable":true,"href":"https:\/\/syrox.com.tr\/de\/wp-json\/wp\/v2\/media\/9432"}],"wp:attachment":[{"href":"https:\/\/syrox.com.tr\/de\/wp-json\/wp\/v2\/media?parent=10785"}],"wp:term":[{"taxonomy":"product_cat","embeddable":true,"href":"https:\/\/syrox.com.tr\/de\/wp-json\/wp\/v2\/product_cat?post=10785"},{"taxonomy":"product_tag","embeddable":true,"href":"https:\/\/syrox.com.tr\/de\/wp-json\/wp\/v2\/product_tag?post=10785"}],"curies":[{"name":"wp","href":"https:\/\/api.w.org\/{rel}","templated":true}]}}