{"id":10790,"date":"2023-10-16T16:29:14","date_gmt":"2023-10-16T13:29:14","guid":{"rendered":"https:\/\/syrox.com.tr\/urunler\/unkategorisiert\/s42-tws-speaker\/"},"modified":"2024-01-04T15:42:56","modified_gmt":"2024-01-04T12:42:56","slug":"s42-tws-speaker","status":"publish","type":"product","link":"https:\/\/syrox.com.tr\/de\/produkte\/musik-und-audio\/s42-tws-speaker\/","title":{"rendered":"S42 TWS Lautsprecher"},"content":{"rendered":"<h4><strong>\u00dcBER DAS PRODUKT<\/strong><\/h4>\n<h4>Eigenschaften<\/h4>\n<h4>* Genie\u00dfen Sie Ihre Musik auch unterwegs und wo immer Sie sind.<br \/>\n* Der Lautsprecher liefert vollen, nat\u00fcrlichen Klang aus einem ultrakompakten Lautsprecher.<br \/>\n* Einfacher Anschluss an Smartphones, Player usw.<br \/>\n* Genie\u00dfen Sie Ihre Musik mit AUX-Eingang, TF-Karte, USB-Unterst\u00fctzung.<br \/>\n* Unterst\u00fctzte Musikformate: MP3, WMA.<br \/>\n* Genie\u00dfen Sie lange Zeit Unterhaltung im Freien mit dem eingebauten effizienten und sicheren Li-Ionen-Akku.<\/h4>\n<h5>Technische Daten<\/h5>\n<h5>Signal-Rausch-Verh\u00e4ltnis :&gt;80dB<br \/>\nLautsprechereinheit: \u00d878mm, 4\u03a9 25W*2<br \/>\nSpieldauer: 4-6 Stunden<br \/>\nAufladezeit: 6-8 Stunden<br \/>\nWiedergabe Entfernung : 10M<br \/>\nFunktionen: TWS, Wireless-Unterst\u00fctzung, Line In, TF-Karte, USB, FM-Radio, Freisprecheinrichtung<br \/>\nMaterialien: ABS<br \/>\nAbmessung : 279*132*178mm<br \/>\nGewicht : 1.75kg<\/h5>\n<p>&nbsp;<\/p>\n<p><img loading=\"lazy\" class=\"alignnone size-full wp-image-9408\" src=\"https:\/\/syrox.com.tr\/wp-content\/uploads\/2023\/10\/web-24.png\" alt=\"\" width=\"2000\" height=\"1125\" srcset=\"https:\/\/syrox.com.tr\/wp-content\/uploads\/2023\/10\/web-24.png 2000w, https:\/\/syrox.com.tr\/wp-content\/uploads\/2023\/10\/web-24-300x169.png 300w, https:\/\/syrox.com.tr\/wp-content\/uploads\/2023\/10\/web-24-1024x576.png 1024w, https:\/\/syrox.com.tr\/wp-content\/uploads\/2023\/10\/web-24-768x432.png 768w, https:\/\/syrox.com.tr\/wp-content\/uploads\/2023\/10\/web-24-1536x864.png 1536w, https:\/\/syrox.com.tr\/wp-content\/uploads\/2023\/10\/web-24-260x146.png 260w, https:\/\/syrox.com.tr\/wp-content\/uploads\/2023\/10\/web-24-50x28.png 50w, https:\/\/syrox.com.tr\/wp-content\/uploads\/2023\/10\/web-24-133x75.png 133w, https:\/\/syrox.com.tr\/wp-content\/uploads\/2023\/10\/web-24-1200x675.png 1200w, https:\/\/syrox.com.tr\/wp-content\/uploads\/2023\/10\/web-24-800x450.png 800w\" sizes=\"(max-width: 2000px) 100vw, 2000px\" \/><\/p>\n","protected":false},"excerpt":{"rendered":"<p>\u00dcBER DAS PRODUKT Eigenschaften * Genie\u00dfen Sie Ihre Musik auch unterwegs und wo immer Sie sind. * Der Lautsprecher liefert vollen, nat\u00fcrlichen Klang aus einem ultrakompakten<span class=\"excerpt-hellip\"> [\u2026]<\/span><\/p>\n","protected":false},"featured_media":9416,"template":"","meta":[],"product_cat":[111,172],"product_tag":[],"yoast_head":"<!-- This site is optimized with the Yoast SEO plugin v19.13 - https:\/\/yoast.com\/wordpress\/plugins\/seo\/ -->\n<title>S42 TWS Lautsprecher | Syrox<\/title>\n<meta name=\"robots\" content=\"index, follow, max-snippet:-1, max-image-preview:large, max-video-preview:-1\" \/>\n<link rel=\"canonical\" href=\"https:\/\/syrox.com.tr\/de\/produkte\/musik-und-audio\/s42-tws-speaker\/\" \/>\n<meta property=\"og:locale\" content=\"de_DE\" \/>\n<meta property=\"og:type\" content=\"article\" \/>\n<meta property=\"og:title\" content=\"S42 TWS Lautsprecher | Syrox\" \/>\n<meta property=\"og:description\" content=\"\u00dcBER DAS PRODUKT Eigenschaften * Genie\u00dfen Sie Ihre Musik auch unterwegs und wo immer Sie sind. * Der Lautsprecher liefert vollen, nat\u00fcrlichen Klang aus einem ultrakompakten [\u2026]\" \/>\n<meta property=\"og:url\" content=\"https:\/\/syrox.com.tr\/de\/produkte\/musik-und-audio\/s42-tws-speaker\/\" \/>\n<meta property=\"og:site_name\" content=\"Syrox\" \/>\n<meta property=\"article:publisher\" content=\"https:\/\/www.facebook.com\/syroxtechnologies\" \/>\n<meta property=\"article:modified_time\" content=\"2024-01-04T12:42:56+00:00\" \/>\n<meta property=\"og:image\" content=\"https:\/\/syrox.com.tr\/wp-content\/uploads\/2023\/10\/web-22-1.png\" \/>\n\t<meta property=\"og:image:width\" content=\"800\" \/>\n\t<meta property=\"og:image:height\" content=\"564\" \/>\n\t<meta property=\"og:image:type\" content=\"image\/png\" \/>\n<meta name=\"twitter:card\" content=\"summary_large_image\" \/>\n<meta name=\"twitter:site\" content=\"@SyroxTechnology\" \/>\n<meta name=\"twitter:label1\" content=\"Gesch\u00e4tzte Lesezeit\" \/>\n\t<meta name=\"twitter:data1\" content=\"1\u00a0Minute\" \/>\n<script type=\"application\/ld+json\" class=\"yoast-schema-graph\">{\"@context\":\"https:\/\/schema.org\",\"@graph\":[{\"@type\":\"WebPage\",\"@id\":\"https:\/\/syrox.com.tr\/de\/produkte\/musik-und-audio\/s42-tws-speaker\/\",\"url\":\"https:\/\/syrox.com.tr\/de\/produkte\/musik-und-audio\/s42-tws-speaker\/\",\"name\":\"S42 TWS Lautsprecher | Syrox\",\"isPartOf\":{\"@id\":\"https:\/\/syrox.com.tr\/de\/#website\"},\"datePublished\":\"2023-10-16T13:29:14+00:00\",\"dateModified\":\"2024-01-04T12:42:56+00:00\",\"breadcrumb\":{\"@id\":\"https:\/\/syrox.com.tr\/de\/produkte\/musik-und-audio\/s42-tws-speaker\/#breadcrumb\"},\"inLanguage\":\"de\",\"potentialAction\":[{\"@type\":\"ReadAction\",\"target\":[\"https:\/\/syrox.com.tr\/de\/produkte\/musik-und-audio\/s42-tws-speaker\/\"]}]},{\"@type\":\"BreadcrumbList\",\"@id\":\"https:\/\/syrox.com.tr\/de\/produkte\/musik-und-audio\/s42-tws-speaker\/#breadcrumb\",\"itemListElement\":[{\"@type\":\"ListItem\",\"position\":1,\"name\":\"Startseite\",\"item\":\"https:\/\/syrox.com.tr\/de\/\"},{\"@type\":\"ListItem\",\"position\":2,\"name\":\"Unsere Produkte\",\"item\":\"https:\/\/syrox.com.tr\/de\/unsere-produkte\/\"},{\"@type\":\"ListItem\",\"position\":3,\"name\":\"S42 TWS Lautsprecher\"}]},{\"@type\":\"WebSite\",\"@id\":\"https:\/\/syrox.com.tr\/de\/#website\",\"url\":\"https:\/\/syrox.com.tr\/de\/\",\"name\":\"SYROX\",\"description\":\"T\u00fcrkiye&#039;nin Telefon, Tablet, Bilgisayar Aksesuar Markas\u0131\",\"publisher\":{\"@id\":\"https:\/\/syrox.com.tr\/de\/#organization\"},\"potentialAction\":[{\"@type\":\"SearchAction\",\"target\":{\"@type\":\"EntryPoint\",\"urlTemplate\":\"https:\/\/syrox.com.tr\/de\/?s={search_term_string}\"},\"query-input\":\"required name=search_term_string\"}],\"inLanguage\":\"de\"},{\"@type\":\"Organization\",\"@id\":\"https:\/\/syrox.com.tr\/de\/#organization\",\"name\":\"SYROX\",\"url\":\"https:\/\/syrox.com.tr\/de\/\",\"logo\":{\"@type\":\"ImageObject\",\"inLanguage\":\"de\",\"@id\":\"https:\/\/syrox.com.tr\/de\/#\/schema\/logo\/image\/\",\"url\":\"https:\/\/syrox.com.tr\/wp-content\/uploads\/2021\/09\/cropped-SYROX-LOGO-01-e1631080788407.png\",\"contentUrl\":\"https:\/\/syrox.com.tr\/wp-content\/uploads\/2021\/09\/cropped-SYROX-LOGO-01-e1631080788407.png\",\"width\":140,\"height\":23,\"caption\":\"SYROX\"},\"image\":{\"@id\":\"https:\/\/syrox.com.tr\/de\/#\/schema\/logo\/image\/\"},\"sameAs\":[\"https:\/\/www.instagram.com\/syroxtechnologies\/\",\"https:\/\/www.youtube.com\/channel\/UCKUlb29HH5DfuT3ZYKWC6Aw\",\"https:\/\/www.facebook.com\/syroxtechnologies\",\"https:\/\/twitter.com\/SyroxTechnology\"]}]}<\/script>\n<!-- \/ Yoast SEO plugin. -->","yoast_head_json":{"title":"S42 TWS Lautsprecher | Syrox","robots":{"index":"index","follow":"follow","max-snippet":"max-snippet:-1","max-image-preview":"max-image-preview:large","max-video-preview":"max-video-preview:-1"},"canonical":"https:\/\/syrox.com.tr\/de\/produkte\/musik-und-audio\/s42-tws-speaker\/","og_locale":"de_DE","og_type":"article","og_title":"S42 TWS Lautsprecher | Syrox","og_description":"\u00dcBER DAS PRODUKT Eigenschaften * Genie\u00dfen Sie Ihre Musik auch unterwegs und wo immer Sie sind. * Der Lautsprecher liefert vollen, nat\u00fcrlichen Klang aus einem ultrakompakten [\u2026]","og_url":"https:\/\/syrox.com.tr\/de\/produkte\/musik-und-audio\/s42-tws-speaker\/","og_site_name":"Syrox","article_publisher":"https:\/\/www.facebook.com\/syroxtechnologies","article_modified_time":"2024-01-04T12:42:56+00:00","og_image":[{"width":800,"height":564,"url":"https:\/\/syrox.com.tr\/wp-content\/uploads\/2023\/10\/web-22-1.png","type":"image\/png"}],"twitter_card":"summary_large_image","twitter_site":"@SyroxTechnology","twitter_misc":{"Gesch\u00e4tzte Lesezeit":"1\u00a0Minute"},"schema":{"@context":"https:\/\/schema.org","@graph":[{"@type":"WebPage","@id":"https:\/\/syrox.com.tr\/de\/produkte\/musik-und-audio\/s42-tws-speaker\/","url":"https:\/\/syrox.com.tr\/de\/produkte\/musik-und-audio\/s42-tws-speaker\/","name":"S42 TWS Lautsprecher | Syrox","isPartOf":{"@id":"https:\/\/syrox.com.tr\/de\/#website"},"datePublished":"2023-10-16T13:29:14+00:00","dateModified":"2024-01-04T12:42:56+00:00","breadcrumb":{"@id":"https:\/\/syrox.com.tr\/de\/produkte\/musik-und-audio\/s42-tws-speaker\/#breadcrumb"},"inLanguage":"de","potentialAction":[{"@type":"ReadAction","target":["https:\/\/syrox.com.tr\/de\/produkte\/musik-und-audio\/s42-tws-speaker\/"]}]},{"@type":"BreadcrumbList","@id":"https:\/\/syrox.com.tr\/de\/produkte\/musik-und-audio\/s42-tws-speaker\/#breadcrumb","itemListElement":[{"@type":"ListItem","position":1,"name":"Startseite","item":"https:\/\/syrox.com.tr\/de\/"},{"@type":"ListItem","position":2,"name":"Unsere Produkte","item":"https:\/\/syrox.com.tr\/de\/unsere-produkte\/"},{"@type":"ListItem","position":3,"name":"S42 TWS Lautsprecher"}]},{"@type":"WebSite","@id":"https:\/\/syrox.com.tr\/de\/#website","url":"https:\/\/syrox.com.tr\/de\/","name":"SYROX","description":"T\u00fcrkiye&#039;nin Telefon, Tablet, Bilgisayar Aksesuar Markas\u0131","publisher":{"@id":"https:\/\/syrox.com.tr\/de\/#organization"},"potentialAction":[{"@type":"SearchAction","target":{"@type":"EntryPoint","urlTemplate":"https:\/\/syrox.com.tr\/de\/?s={search_term_string}"},"query-input":"required name=search_term_string"}],"inLanguage":"de"},{"@type":"Organization","@id":"https:\/\/syrox.com.tr\/de\/#organization","name":"SYROX","url":"https:\/\/syrox.com.tr\/de\/","logo":{"@type":"ImageObject","inLanguage":"de","@id":"https:\/\/syrox.com.tr\/de\/#\/schema\/logo\/image\/","url":"https:\/\/syrox.com.tr\/wp-content\/uploads\/2021\/09\/cropped-SYROX-LOGO-01-e1631080788407.png","contentUrl":"https:\/\/syrox.com.tr\/wp-content\/uploads\/2021\/09\/cropped-SYROX-LOGO-01-e1631080788407.png","width":140,"height":23,"caption":"SYROX"},"image":{"@id":"https:\/\/syrox.com.tr\/de\/#\/schema\/logo\/image\/"},"sameAs":["https:\/\/www.instagram.com\/syroxtechnologies\/","https:\/\/www.youtube.com\/channel\/UCKUlb29HH5DfuT3ZYKWC6Aw","https:\/\/www.facebook.com\/syroxtechnologies","https:\/\/twitter.com\/SyroxTechnology"]}]}},"_links":{"self":[{"href":"https:\/\/syrox.com.tr\/de\/wp-json\/wp\/v2\/product\/10790"}],"collection":[{"href":"https:\/\/syrox.com.tr\/de\/wp-json\/wp\/v2\/product"}],"about":[{"href":"https:\/\/syrox.com.tr\/de\/wp-json\/wp\/v2\/types\/product"}],"wp:featuredmedia":[{"embeddable":true,"href":"https:\/\/syrox.com.tr\/de\/wp-json\/wp\/v2\/media\/9416"}],"wp:attachment":[{"href":"https:\/\/syrox.com.tr\/de\/wp-json\/wp\/v2\/media?parent=10790"}],"wp:term":[{"taxonomy":"product_cat","embeddable":true,"href":"https:\/\/syrox.com.tr\/de\/wp-json\/wp\/v2\/product_cat?post=10790"},{"taxonomy":"product_tag","embeddable":true,"href":"https:\/\/syrox.com.tr\/de\/wp-json\/wp\/v2\/product_tag?post=10790"}],"curies":[{"name":"wp","href":"https:\/\/api.w.org\/{rel}","templated":true}]}}