{"id":11124,"date":"2025-02-18T17:05:47","date_gmt":"2025-02-18T14:05:47","guid":{"rendered":"https:\/\/syrox.com.tr\/?post_type=product&#038;p=11124"},"modified":"2025-02-18T17:13:22","modified_gmt":"2025-02-18T14:13:22","slug":"m67t-67w-type-c-super-hizli-sarj-seti","status":"publish","type":"product","link":"https:\/\/syrox.com.tr\/de\/urunler\/guc\/sarj-cihazi\/m67t-67w-type-c-super-hizli-sarj-seti\/","title":{"rendered":"M67T 67W Type-C S\u00fcper H\u0131zl\u0131 \u015earj Seti"},"content":{"rendered":"<h3><strong>\u00dcR\u00dcN HAKKINDA<\/strong><\/h3>\n<h4>67Watt High Speed Charge<br \/>\nQualcomm 3.0<br \/>\n3.0 Amper<\/h4>\n<h5>* Ak\u0131ll\u0131 \u00e7ip (smart IC)<br \/>\n* K\u0131sa devre korumas\u0131<br \/>\n* Y\u00fcksek voltaj korumas\u0131<br \/>\n* Y\u00fcksek ak\u0131m korumas\u0131<br \/>\n* Y\u00fcksek \u0131s\u0131 korumas\u0131<br \/>\n* Type-C \u00e7\u0131k\u0131\u015fl\u0131d\u0131r<br \/>\n* Kablo uzunlu\u011fu 100 cm.<br \/>\n* (CE) Avrupa birli\u011fi standartlar\u0131na uygun yerli \u00fcretim.<\/h5>\n<h5>Giri\u015f: 100-240V~50\/60Hz 1.7A<br \/>\nNormal \u00c7\u0131k\u0131\u015f: 5.0V\u23933.0A 15.0W<br \/>\nH\u0131zl\u0131 \u00c7\u0131k\u0131\u015f: 5-20V\u23936.2-3.25A 67.0W (Maks)<\/h5>\n<h6>*Sadece uyumlu modellerde 67W g\u00fc\u00e7 verir.<\/h6>\n","protected":false},"excerpt":{"rendered":"<p>\u00dcR\u00dcN HAKKINDA 67Watt High Speed Charge Qualcomm 3.0 3.0 Amper * Ak\u0131ll\u0131 \u00e7ip (smart IC) * K\u0131sa devre korumas\u0131 * Y\u00fcksek voltaj korumas\u0131 * Y\u00fcksek ak\u0131m<span class=\"excerpt-hellip\"> [\u2026]<\/span><\/p>\n","protected":false},"featured_media":11110,"template":"","meta":[],"product_cat":[24,4],"product_tag":[],"yoast_head":"<!-- This site is optimized with the Yoast SEO plugin v19.13 - https:\/\/yoast.com\/wordpress\/plugins\/seo\/ -->\n<title>M67T 67W Type-C S\u00fcper H\u0131zl\u0131 \u015earj Seti | Syrox<\/title>\n<meta name=\"robots\" content=\"index, follow, max-snippet:-1, max-image-preview:large, max-video-preview:-1\" \/>\n<link rel=\"canonical\" href=\"https:\/\/syrox.com.tr\/de\/urunler\/guc\/sarj-cihazi\/m67t-67w-type-c-super-hizli-sarj-seti\/\" \/>\n<meta property=\"og:locale\" content=\"de_DE\" \/>\n<meta property=\"og:type\" content=\"article\" \/>\n<meta property=\"og:title\" content=\"M67T 67W Type-C S\u00fcper H\u0131zl\u0131 \u015earj Seti | Syrox\" \/>\n<meta property=\"og:description\" content=\"\u00dcR\u00dcN HAKKINDA 67Watt High Speed Charge Qualcomm 3.0 3.0 Amper * Ak\u0131ll\u0131 \u00e7ip (smart IC) * K\u0131sa devre korumas\u0131 * Y\u00fcksek voltaj korumas\u0131 * Y\u00fcksek ak\u0131m [\u2026]\" \/>\n<meta property=\"og:url\" content=\"https:\/\/syrox.com.tr\/de\/urunler\/guc\/sarj-cihazi\/m67t-67w-type-c-super-hizli-sarj-seti\/\" \/>\n<meta property=\"og:site_name\" content=\"Syrox\" \/>\n<meta property=\"article:publisher\" content=\"https:\/\/www.facebook.com\/syroxtechnologies\" \/>\n<meta property=\"article:modified_time\" content=\"2025-02-18T14:13:22+00:00\" \/>\n<meta property=\"og:image\" content=\"https:\/\/syrox.com.tr\/wp-content\/uploads\/2025\/02\/M33T_Gorsel.jpg\" \/>\n\t<meta property=\"og:image:width\" content=\"600\" \/>\n\t<meta property=\"og:image:height\" content=\"600\" \/>\n\t<meta property=\"og:image:type\" content=\"image\/jpeg\" \/>\n<meta name=\"twitter:card\" content=\"summary_large_image\" \/>\n<meta name=\"twitter:site\" content=\"@SyroxTechnology\" \/>\n<meta name=\"twitter:label1\" content=\"Gesch\u00e4tzte Lesezeit\" \/>\n\t<meta name=\"twitter:data1\" content=\"1\u00a0Minute\" \/>\n<script type=\"application\/ld+json\" class=\"yoast-schema-graph\">{\"@context\":\"https:\/\/schema.org\",\"@graph\":[{\"@type\":\"WebPage\",\"@id\":\"https:\/\/syrox.com.tr\/de\/urunler\/guc\/sarj-cihazi\/m67t-67w-type-c-super-hizli-sarj-seti\/\",\"url\":\"https:\/\/syrox.com.tr\/de\/urunler\/guc\/sarj-cihazi\/m67t-67w-type-c-super-hizli-sarj-seti\/\",\"name\":\"M67T 67W Type-C S\u00fcper H\u0131zl\u0131 \u015earj Seti | Syrox\",\"isPartOf\":{\"@id\":\"https:\/\/syrox.com.tr\/de\/#website\"},\"datePublished\":\"2025-02-18T14:05:47+00:00\",\"dateModified\":\"2025-02-18T14:13:22+00:00\",\"breadcrumb\":{\"@id\":\"https:\/\/syrox.com.tr\/de\/urunler\/guc\/sarj-cihazi\/m67t-67w-type-c-super-hizli-sarj-seti\/#breadcrumb\"},\"inLanguage\":\"de\",\"potentialAction\":[{\"@type\":\"ReadAction\",\"target\":[\"https:\/\/syrox.com.tr\/de\/urunler\/guc\/sarj-cihazi\/m67t-67w-type-c-super-hizli-sarj-seti\/\"]}]},{\"@type\":\"BreadcrumbList\",\"@id\":\"https:\/\/syrox.com.tr\/de\/urunler\/guc\/sarj-cihazi\/m67t-67w-type-c-super-hizli-sarj-seti\/#breadcrumb\",\"itemListElement\":[{\"@type\":\"ListItem\",\"position\":1,\"name\":\"Startseite\",\"item\":\"https:\/\/syrox.com.tr\/de\/\"},{\"@type\":\"ListItem\",\"position\":2,\"name\":\"Unsere Produkte\",\"item\":\"https:\/\/syrox.com.tr\/de\/unsere-produkte\/\"},{\"@type\":\"ListItem\",\"position\":3,\"name\":\"M67T 67W Type-C S\u00fcper H\u0131zl\u0131 \u015earj Seti\"}]},{\"@type\":\"WebSite\",\"@id\":\"https:\/\/syrox.com.tr\/de\/#website\",\"url\":\"https:\/\/syrox.com.tr\/de\/\",\"name\":\"SYROX\",\"description\":\"T\u00fcrkiye&#039;nin Telefon, Tablet, Bilgisayar Aksesuar Markas\u0131\",\"publisher\":{\"@id\":\"https:\/\/syrox.com.tr\/de\/#organization\"},\"potentialAction\":[{\"@type\":\"SearchAction\",\"target\":{\"@type\":\"EntryPoint\",\"urlTemplate\":\"https:\/\/syrox.com.tr\/de\/?s={search_term_string}\"},\"query-input\":\"required name=search_term_string\"}],\"inLanguage\":\"de\"},{\"@type\":\"Organization\",\"@id\":\"https:\/\/syrox.com.tr\/de\/#organization\",\"name\":\"SYROX\",\"url\":\"https:\/\/syrox.com.tr\/de\/\",\"logo\":{\"@type\":\"ImageObject\",\"inLanguage\":\"de\",\"@id\":\"https:\/\/syrox.com.tr\/de\/#\/schema\/logo\/image\/\",\"url\":\"https:\/\/syrox.com.tr\/wp-content\/uploads\/2021\/09\/cropped-SYROX-LOGO-01-e1631080788407.png\",\"contentUrl\":\"https:\/\/syrox.com.tr\/wp-content\/uploads\/2021\/09\/cropped-SYROX-LOGO-01-e1631080788407.png\",\"width\":140,\"height\":23,\"caption\":\"SYROX\"},\"image\":{\"@id\":\"https:\/\/syrox.com.tr\/de\/#\/schema\/logo\/image\/\"},\"sameAs\":[\"https:\/\/www.instagram.com\/syroxtechnologies\/\",\"https:\/\/www.youtube.com\/channel\/UCKUlb29HH5DfuT3ZYKWC6Aw\",\"https:\/\/www.facebook.com\/syroxtechnologies\",\"https:\/\/twitter.com\/SyroxTechnology\"]}]}<\/script>\n<!-- \/ Yoast SEO plugin. -->","yoast_head_json":{"title":"M67T 67W Type-C S\u00fcper H\u0131zl\u0131 \u015earj Seti | Syrox","robots":{"index":"index","follow":"follow","max-snippet":"max-snippet:-1","max-image-preview":"max-image-preview:large","max-video-preview":"max-video-preview:-1"},"canonical":"https:\/\/syrox.com.tr\/de\/urunler\/guc\/sarj-cihazi\/m67t-67w-type-c-super-hizli-sarj-seti\/","og_locale":"de_DE","og_type":"article","og_title":"M67T 67W Type-C S\u00fcper H\u0131zl\u0131 \u015earj Seti | Syrox","og_description":"\u00dcR\u00dcN HAKKINDA 67Watt High Speed Charge Qualcomm 3.0 3.0 Amper * Ak\u0131ll\u0131 \u00e7ip (smart IC) * K\u0131sa devre korumas\u0131 * Y\u00fcksek voltaj korumas\u0131 * Y\u00fcksek ak\u0131m [\u2026]","og_url":"https:\/\/syrox.com.tr\/de\/urunler\/guc\/sarj-cihazi\/m67t-67w-type-c-super-hizli-sarj-seti\/","og_site_name":"Syrox","article_publisher":"https:\/\/www.facebook.com\/syroxtechnologies","article_modified_time":"2025-02-18T14:13:22+00:00","og_image":[{"width":600,"height":600,"url":"https:\/\/syrox.com.tr\/wp-content\/uploads\/2025\/02\/M33T_Gorsel.jpg","type":"image\/jpeg"}],"twitter_card":"summary_large_image","twitter_site":"@SyroxTechnology","twitter_misc":{"Gesch\u00e4tzte Lesezeit":"1\u00a0Minute"},"schema":{"@context":"https:\/\/schema.org","@graph":[{"@type":"WebPage","@id":"https:\/\/syrox.com.tr\/de\/urunler\/guc\/sarj-cihazi\/m67t-67w-type-c-super-hizli-sarj-seti\/","url":"https:\/\/syrox.com.tr\/de\/urunler\/guc\/sarj-cihazi\/m67t-67w-type-c-super-hizli-sarj-seti\/","name":"M67T 67W Type-C S\u00fcper H\u0131zl\u0131 \u015earj Seti | Syrox","isPartOf":{"@id":"https:\/\/syrox.com.tr\/de\/#website"},"datePublished":"2025-02-18T14:05:47+00:00","dateModified":"2025-02-18T14:13:22+00:00","breadcrumb":{"@id":"https:\/\/syrox.com.tr\/de\/urunler\/guc\/sarj-cihazi\/m67t-67w-type-c-super-hizli-sarj-seti\/#breadcrumb"},"inLanguage":"de","potentialAction":[{"@type":"ReadAction","target":["https:\/\/syrox.com.tr\/de\/urunler\/guc\/sarj-cihazi\/m67t-67w-type-c-super-hizli-sarj-seti\/"]}]},{"@type":"BreadcrumbList","@id":"https:\/\/syrox.com.tr\/de\/urunler\/guc\/sarj-cihazi\/m67t-67w-type-c-super-hizli-sarj-seti\/#breadcrumb","itemListElement":[{"@type":"ListItem","position":1,"name":"Startseite","item":"https:\/\/syrox.com.tr\/de\/"},{"@type":"ListItem","position":2,"name":"Unsere Produkte","item":"https:\/\/syrox.com.tr\/de\/unsere-produkte\/"},{"@type":"ListItem","position":3,"name":"M67T 67W Type-C S\u00fcper H\u0131zl\u0131 \u015earj Seti"}]},{"@type":"WebSite","@id":"https:\/\/syrox.com.tr\/de\/#website","url":"https:\/\/syrox.com.tr\/de\/","name":"SYROX","description":"T\u00fcrkiye&#039;nin Telefon, Tablet, Bilgisayar Aksesuar Markas\u0131","publisher":{"@id":"https:\/\/syrox.com.tr\/de\/#organization"},"potentialAction":[{"@type":"SearchAction","target":{"@type":"EntryPoint","urlTemplate":"https:\/\/syrox.com.tr\/de\/?s={search_term_string}"},"query-input":"required name=search_term_string"}],"inLanguage":"de"},{"@type":"Organization","@id":"https:\/\/syrox.com.tr\/de\/#organization","name":"SYROX","url":"https:\/\/syrox.com.tr\/de\/","logo":{"@type":"ImageObject","inLanguage":"de","@id":"https:\/\/syrox.com.tr\/de\/#\/schema\/logo\/image\/","url":"https:\/\/syrox.com.tr\/wp-content\/uploads\/2021\/09\/cropped-SYROX-LOGO-01-e1631080788407.png","contentUrl":"https:\/\/syrox.com.tr\/wp-content\/uploads\/2021\/09\/cropped-SYROX-LOGO-01-e1631080788407.png","width":140,"height":23,"caption":"SYROX"},"image":{"@id":"https:\/\/syrox.com.tr\/de\/#\/schema\/logo\/image\/"},"sameAs":["https:\/\/www.instagram.com\/syroxtechnologies\/","https:\/\/www.youtube.com\/channel\/UCKUlb29HH5DfuT3ZYKWC6Aw","https:\/\/www.facebook.com\/syroxtechnologies","https:\/\/twitter.com\/SyroxTechnology"]}]}},"_links":{"self":[{"href":"https:\/\/syrox.com.tr\/de\/wp-json\/wp\/v2\/product\/11124"}],"collection":[{"href":"https:\/\/syrox.com.tr\/de\/wp-json\/wp\/v2\/product"}],"about":[{"href":"https:\/\/syrox.com.tr\/de\/wp-json\/wp\/v2\/types\/product"}],"wp:featuredmedia":[{"embeddable":true,"href":"https:\/\/syrox.com.tr\/de\/wp-json\/wp\/v2\/media\/11110"}],"wp:attachment":[{"href":"https:\/\/syrox.com.tr\/de\/wp-json\/wp\/v2\/media?parent=11124"}],"wp:term":[{"taxonomy":"product_cat","embeddable":true,"href":"https:\/\/syrox.com.tr\/de\/wp-json\/wp\/v2\/product_cat?post=11124"},{"taxonomy":"product_tag","embeddable":true,"href":"https:\/\/syrox.com.tr\/de\/wp-json\/wp\/v2\/product_tag?post=11124"}],"curies":[{"name":"wp","href":"https:\/\/api.w.org\/{rel}","templated":true}]}}