{"id":11104,"date":"2025-02-18T12:15:31","date_gmt":"2025-02-18T09:15:31","guid":{"rendered":"https:\/\/syrox.com.tr\/?post_type=product&#038;p=11104"},"modified":"2025-02-18T17:05:03","modified_gmt":"2025-02-18T14:05:03","slug":"m33t-33w-type-c-turbo-sarj-seti","status":"publish","type":"product","link":"https:\/\/syrox.com.tr\/ru\/urunler\/guc\/sarj-cihazi\/m33t-33w-type-c-turbo-sarj-seti\/","title":{"rendered":"M33T 33W Type-C Turbo \u015earj Seti"},"content":{"rendered":"<h3><strong>\u00dcR\u00dcN HAKKINDA<\/strong><\/h3>\n<h4>33Watt Turbo Charge<br \/>\nQualcomm 3.0<br \/>\n3.0 Amper<\/h4>\n<h5>* Ak\u0131ll\u0131 \u00e7ip (smart IC)<br \/>\n* K\u0131sa devre korumas\u0131<br \/>\n* Y\u00fcksek voltaj korumas\u0131<br \/>\n* Y\u00fcksek ak\u0131m korumas\u0131<br \/>\n* Y\u00fcksek \u0131s\u0131 korumas\u0131<br \/>\n* Type-C \u00e7\u0131k\u0131\u015fl\u0131d\u0131r<br \/>\n* Kablo uzunlu\u011fu 100 cm.<br \/>\n* (CE) Avrupa birli\u011fi standartlar\u0131na uygun yerli \u00fcretim.<\/h5>\n<h5>Giri\u015f: 100-240V~50\/60Hz 0.7A<br \/>\n\u00c7\u0131k\u0131\u015f: 5.0V\u23933.0A 15.0W<br \/>\n9.0V\u23933.0A 27.0W<br \/>\n12.0V\u23932.25A 27.0W<br \/>\n20.0V\u23931.35A 27.0W<br \/>\n11.0V\u23933.0A 33.0W (Maks)<\/h5>\n<h6>*Sadece uyumlu modellerde 33W g\u00fc\u00e7 verir.<\/h6>\n","protected":false},"excerpt":{"rendered":"<p>\u00dcR\u00dcN HAKKINDA 33Watt Turbo Charge Qualcomm 3.0 3.0 Amper * Ak\u0131ll\u0131 \u00e7ip (smart IC) * K\u0131sa devre korumas\u0131 * Y\u00fcksek voltaj korumas\u0131 * Y\u00fcksek ak\u0131m korumas\u0131<span class=\"excerpt-hellip\"> [\u2026]<\/span><\/p>\n","protected":false},"featured_media":11110,"template":"","meta":[],"product_cat":[24,4],"product_tag":[],"yoast_head":"<!-- This site is optimized with the Yoast SEO plugin v19.13 - https:\/\/yoast.com\/wordpress\/plugins\/seo\/ -->\n<title>M33T 33W Type-C Turbo \u015earj Seti | Syrox<\/title>\n<meta name=\"robots\" content=\"index, follow, max-snippet:-1, max-image-preview:large, max-video-preview:-1\" \/>\n<link rel=\"canonical\" href=\"https:\/\/syrox.com.tr\/ru\/urunler\/guc\/sarj-cihazi\/m33t-33w-type-c-turbo-sarj-seti\/\" \/>\n<meta property=\"og:locale\" content=\"ru_RU\" \/>\n<meta property=\"og:type\" content=\"article\" \/>\n<meta property=\"og:title\" content=\"M33T 33W Type-C Turbo \u015earj Seti | Syrox\" \/>\n<meta property=\"og:description\" content=\"\u00dcR\u00dcN HAKKINDA 33Watt Turbo Charge Qualcomm 3.0 3.0 Amper * Ak\u0131ll\u0131 \u00e7ip (smart IC) * K\u0131sa devre korumas\u0131 * Y\u00fcksek voltaj korumas\u0131 * Y\u00fcksek ak\u0131m korumas\u0131 [\u2026]\" \/>\n<meta property=\"og:url\" content=\"https:\/\/syrox.com.tr\/ru\/urunler\/guc\/sarj-cihazi\/m33t-33w-type-c-turbo-sarj-seti\/\" \/>\n<meta property=\"og:site_name\" content=\"Syrox\" \/>\n<meta property=\"article:publisher\" content=\"https:\/\/www.facebook.com\/syroxtechnologies\" \/>\n<meta property=\"article:modified_time\" content=\"2025-02-18T14:05:03+00:00\" \/>\n<meta property=\"og:image\" content=\"https:\/\/syrox.com.tr\/wp-content\/uploads\/2025\/02\/M33T_Gorsel.jpg\" \/>\n\t<meta property=\"og:image:width\" content=\"600\" \/>\n\t<meta property=\"og:image:height\" content=\"600\" \/>\n\t<meta property=\"og:image:type\" content=\"image\/jpeg\" \/>\n<meta name=\"twitter:card\" content=\"summary_large_image\" \/>\n<meta name=\"twitter:site\" content=\"@SyroxTechnology\" \/>\n<meta name=\"twitter:label1\" content=\"\u041f\u0440\u0438\u043c\u0435\u0440\u043d\u043e\u0435 \u0432\u0440\u0435\u043c\u044f \u0434\u043b\u044f \u0447\u0442\u0435\u043d\u0438\u044f\" \/>\n\t<meta name=\"twitter:data1\" content=\"1 \u043c\u0438\u043d\u0443\u0442\u0430\" \/>\n<script type=\"application\/ld+json\" class=\"yoast-schema-graph\">{\"@context\":\"https:\/\/schema.org\",\"@graph\":[{\"@type\":\"WebPage\",\"@id\":\"https:\/\/syrox.com.tr\/ru\/urunler\/guc\/sarj-cihazi\/m33t-33w-type-c-turbo-sarj-seti\/\",\"url\":\"https:\/\/syrox.com.tr\/ru\/urunler\/guc\/sarj-cihazi\/m33t-33w-type-c-turbo-sarj-seti\/\",\"name\":\"M33T 33W Type-C Turbo \u015earj Seti | Syrox\",\"isPartOf\":{\"@id\":\"https:\/\/syrox.com.tr\/ru\/#website\"},\"datePublished\":\"2025-02-18T09:15:31+00:00\",\"dateModified\":\"2025-02-18T14:05:03+00:00\",\"breadcrumb\":{\"@id\":\"https:\/\/syrox.com.tr\/ru\/urunler\/guc\/sarj-cihazi\/m33t-33w-type-c-turbo-sarj-seti\/#breadcrumb\"},\"inLanguage\":\"ru-RU\",\"potentialAction\":[{\"@type\":\"ReadAction\",\"target\":[\"https:\/\/syrox.com.tr\/ru\/urunler\/guc\/sarj-cihazi\/m33t-33w-type-c-turbo-sarj-seti\/\"]}]},{\"@type\":\"BreadcrumbList\",\"@id\":\"https:\/\/syrox.com.tr\/ru\/urunler\/guc\/sarj-cihazi\/m33t-33w-type-c-turbo-sarj-seti\/#breadcrumb\",\"itemListElement\":[{\"@type\":\"ListItem\",\"position\":1,\"name\":\"\u0414\u043e\u043c\u0430\u0448\u043d\u044f\u044f \u0441\u0442\u0440\u0430\u043d\u0438\u0446\u0430\",\"item\":\"https:\/\/syrox.com.tr\/ru\/\"},{\"@type\":\"ListItem\",\"position\":2,\"name\":\"\u041d\u0430\u0448\u0438 \u043f\u0440\u043e\u0434\u0443\u043a\u0442\u044b\",\"item\":\"https:\/\/syrox.com.tr\/ru\/ourproducts-ru\/\"},{\"@type\":\"ListItem\",\"position\":3,\"name\":\"M33T 33W Type-C Turbo \u015earj Seti\"}]},{\"@type\":\"WebSite\",\"@id\":\"https:\/\/syrox.com.tr\/ru\/#website\",\"url\":\"https:\/\/syrox.com.tr\/ru\/\",\"name\":\"SYROX\",\"description\":\"T\u00fcrkiye&#039;nin Telefon, Tablet, Bilgisayar Aksesuar Markas\u0131\",\"publisher\":{\"@id\":\"https:\/\/syrox.com.tr\/ru\/#organization\"},\"potentialAction\":[{\"@type\":\"SearchAction\",\"target\":{\"@type\":\"EntryPoint\",\"urlTemplate\":\"https:\/\/syrox.com.tr\/ru\/?s={search_term_string}\"},\"query-input\":\"required name=search_term_string\"}],\"inLanguage\":\"ru-RU\"},{\"@type\":\"Organization\",\"@id\":\"https:\/\/syrox.com.tr\/ru\/#organization\",\"name\":\"SYROX\",\"url\":\"https:\/\/syrox.com.tr\/ru\/\",\"logo\":{\"@type\":\"ImageObject\",\"inLanguage\":\"ru-RU\",\"@id\":\"https:\/\/syrox.com.tr\/ru\/#\/schema\/logo\/image\/\",\"url\":\"https:\/\/syrox.com.tr\/wp-content\/uploads\/2021\/09\/cropped-SYROX-LOGO-01-e1631080788407.png\",\"contentUrl\":\"https:\/\/syrox.com.tr\/wp-content\/uploads\/2021\/09\/cropped-SYROX-LOGO-01-e1631080788407.png\",\"width\":140,\"height\":23,\"caption\":\"SYROX\"},\"image\":{\"@id\":\"https:\/\/syrox.com.tr\/ru\/#\/schema\/logo\/image\/\"},\"sameAs\":[\"https:\/\/www.instagram.com\/syroxtechnologies\/\",\"https:\/\/www.youtube.com\/channel\/UCKUlb29HH5DfuT3ZYKWC6Aw\",\"https:\/\/www.facebook.com\/syroxtechnologies\",\"https:\/\/twitter.com\/SyroxTechnology\"]}]}<\/script>\n<!-- \/ Yoast SEO plugin. -->","yoast_head_json":{"title":"M33T 33W Type-C Turbo \u015earj Seti | Syrox","robots":{"index":"index","follow":"follow","max-snippet":"max-snippet:-1","max-image-preview":"max-image-preview:large","max-video-preview":"max-video-preview:-1"},"canonical":"https:\/\/syrox.com.tr\/ru\/urunler\/guc\/sarj-cihazi\/m33t-33w-type-c-turbo-sarj-seti\/","og_locale":"ru_RU","og_type":"article","og_title":"M33T 33W Type-C Turbo \u015earj Seti | Syrox","og_description":"\u00dcR\u00dcN HAKKINDA 33Watt Turbo Charge Qualcomm 3.0 3.0 Amper * Ak\u0131ll\u0131 \u00e7ip (smart IC) * K\u0131sa devre korumas\u0131 * Y\u00fcksek voltaj korumas\u0131 * Y\u00fcksek ak\u0131m korumas\u0131 [\u2026]","og_url":"https:\/\/syrox.com.tr\/ru\/urunler\/guc\/sarj-cihazi\/m33t-33w-type-c-turbo-sarj-seti\/","og_site_name":"Syrox","article_publisher":"https:\/\/www.facebook.com\/syroxtechnologies","article_modified_time":"2025-02-18T14:05:03+00:00","og_image":[{"width":600,"height":600,"url":"https:\/\/syrox.com.tr\/wp-content\/uploads\/2025\/02\/M33T_Gorsel.jpg","type":"image\/jpeg"}],"twitter_card":"summary_large_image","twitter_site":"@SyroxTechnology","twitter_misc":{"\u041f\u0440\u0438\u043c\u0435\u0440\u043d\u043e\u0435 \u0432\u0440\u0435\u043c\u044f \u0434\u043b\u044f \u0447\u0442\u0435\u043d\u0438\u044f":"1 \u043c\u0438\u043d\u0443\u0442\u0430"},"schema":{"@context":"https:\/\/schema.org","@graph":[{"@type":"WebPage","@id":"https:\/\/syrox.com.tr\/ru\/urunler\/guc\/sarj-cihazi\/m33t-33w-type-c-turbo-sarj-seti\/","url":"https:\/\/syrox.com.tr\/ru\/urunler\/guc\/sarj-cihazi\/m33t-33w-type-c-turbo-sarj-seti\/","name":"M33T 33W Type-C Turbo \u015earj Seti | Syrox","isPartOf":{"@id":"https:\/\/syrox.com.tr\/ru\/#website"},"datePublished":"2025-02-18T09:15:31+00:00","dateModified":"2025-02-18T14:05:03+00:00","breadcrumb":{"@id":"https:\/\/syrox.com.tr\/ru\/urunler\/guc\/sarj-cihazi\/m33t-33w-type-c-turbo-sarj-seti\/#breadcrumb"},"inLanguage":"ru-RU","potentialAction":[{"@type":"ReadAction","target":["https:\/\/syrox.com.tr\/ru\/urunler\/guc\/sarj-cihazi\/m33t-33w-type-c-turbo-sarj-seti\/"]}]},{"@type":"BreadcrumbList","@id":"https:\/\/syrox.com.tr\/ru\/urunler\/guc\/sarj-cihazi\/m33t-33w-type-c-turbo-sarj-seti\/#breadcrumb","itemListElement":[{"@type":"ListItem","position":1,"name":"\u0414\u043e\u043c\u0430\u0448\u043d\u044f\u044f \u0441\u0442\u0440\u0430\u043d\u0438\u0446\u0430","item":"https:\/\/syrox.com.tr\/ru\/"},{"@type":"ListItem","position":2,"name":"\u041d\u0430\u0448\u0438 \u043f\u0440\u043e\u0434\u0443\u043a\u0442\u044b","item":"https:\/\/syrox.com.tr\/ru\/ourproducts-ru\/"},{"@type":"ListItem","position":3,"name":"M33T 33W Type-C Turbo \u015earj Seti"}]},{"@type":"WebSite","@id":"https:\/\/syrox.com.tr\/ru\/#website","url":"https:\/\/syrox.com.tr\/ru\/","name":"SYROX","description":"T\u00fcrkiye&#039;nin Telefon, Tablet, Bilgisayar Aksesuar Markas\u0131","publisher":{"@id":"https:\/\/syrox.com.tr\/ru\/#organization"},"potentialAction":[{"@type":"SearchAction","target":{"@type":"EntryPoint","urlTemplate":"https:\/\/syrox.com.tr\/ru\/?s={search_term_string}"},"query-input":"required name=search_term_string"}],"inLanguage":"ru-RU"},{"@type":"Organization","@id":"https:\/\/syrox.com.tr\/ru\/#organization","name":"SYROX","url":"https:\/\/syrox.com.tr\/ru\/","logo":{"@type":"ImageObject","inLanguage":"ru-RU","@id":"https:\/\/syrox.com.tr\/ru\/#\/schema\/logo\/image\/","url":"https:\/\/syrox.com.tr\/wp-content\/uploads\/2021\/09\/cropped-SYROX-LOGO-01-e1631080788407.png","contentUrl":"https:\/\/syrox.com.tr\/wp-content\/uploads\/2021\/09\/cropped-SYROX-LOGO-01-e1631080788407.png","width":140,"height":23,"caption":"SYROX"},"image":{"@id":"https:\/\/syrox.com.tr\/ru\/#\/schema\/logo\/image\/"},"sameAs":["https:\/\/www.instagram.com\/syroxtechnologies\/","https:\/\/www.youtube.com\/channel\/UCKUlb29HH5DfuT3ZYKWC6Aw","https:\/\/www.facebook.com\/syroxtechnologies","https:\/\/twitter.com\/SyroxTechnology"]}]}},"_links":{"self":[{"href":"https:\/\/syrox.com.tr\/ru\/wp-json\/wp\/v2\/product\/11104"}],"collection":[{"href":"https:\/\/syrox.com.tr\/ru\/wp-json\/wp\/v2\/product"}],"about":[{"href":"https:\/\/syrox.com.tr\/ru\/wp-json\/wp\/v2\/types\/product"}],"wp:featuredmedia":[{"embeddable":true,"href":"https:\/\/syrox.com.tr\/ru\/wp-json\/wp\/v2\/media\/11110"}],"wp:attachment":[{"href":"https:\/\/syrox.com.tr\/ru\/wp-json\/wp\/v2\/media?parent=11104"}],"wp:term":[{"taxonomy":"product_cat","embeddable":true,"href":"https:\/\/syrox.com.tr\/ru\/wp-json\/wp\/v2\/product_cat?post=11104"},{"taxonomy":"product_tag","embeddable":true,"href":"https:\/\/syrox.com.tr\/ru\/wp-json\/wp\/v2\/product_tag?post=11104"}],"curies":[{"name":"wp","href":"https:\/\/api.w.org\/{rel}","templated":true}]}}